{"id":2534,"date":"2026-03-31T14:22:46","date_gmt":"2026-03-31T14:22:46","guid":{"rendered":"https:\/\/www.uefsanantonio.com\/?page_id=2534"},"modified":"2026-04-01T13:50:00","modified_gmt":"2026-04-01T13:50:00","slug":"instalaciones","status":"publish","type":"page","link":"https:\/\/www.uefsanantonio.com\/?page_id=2534","title":{"rendered":"Instalaciones"},"content":{"rendered":"\t\t<div data-elementor-type=\"wp-page\" data-elementor-id=\"2534\" class=\"elementor elementor-2534\">\n\t\t\t\t<div class=\"elementor-element elementor-element-c20c31a e-con-full e-flex elementor-invisible e-con e-parent\" data-id=\"c20c31a\" data-element_type=\"container\" data-e-type=\"container\" data-settings=\"{&quot;animation&quot;:&quot;fadeInDown&quot;}\">\n\t\t\t\t<div class=\"elementor-element elementor-element-25531e2 elementor-widget elementor-widget-text-editor\" data-id=\"25531e2\" data-element_type=\"widget\" data-e-type=\"widget\" data-settings=\"{&quot;_animation&quot;:&quot;none&quot;}\" data-widget_type=\"text-editor.default\">\n\t\t\t\t\t\t\t\t\t<blockquote data-path-to-node=\"4\"><p data-path-to-node=\"4,1\">En la Unidad Educativa San Antonio de Cumbe, entendemos que el entorno es fundamental para el \u00e9xito acad\u00e9mico. Contamos con aulas amplias, iluminadas y dise\u00f1adas para ofrecer a nuestros estudiantes un ambiente seguro y motivador. Cada sal\u00f3n est\u00e1 acondicionado para fomentar la concentraci\u00f3n, el trabajo en equipo y el desarrollo integral de ni\u00f1os y j\u00f3venes.<\/p><\/blockquote>\t\t\t\t\t\t\t\t<\/div>\n\t\t\t\t<\/div>\n\t\t<div class=\"elementor-element elementor-element-4617732 e-flex e-con-boxed e-con e-parent\" data-id=\"4617732\" data-element_type=\"container\" data-e-type=\"container\">\n\t\t\t\t\t<div class=\"e-con-inner\">\n\t\t\t\t<div class=\"elementor-element elementor-element-fc04f9a elementor-widget-divider--view-line elementor-widget elementor-widget-divider\" data-id=\"fc04f9a\" data-element_type=\"widget\" data-e-type=\"widget\" data-widget_type=\"divider.default\">\n\t\t\t\t\t\t\t<div class=\"elementor-divider\">\n\t\t\t<span class=\"elementor-divider-separator\">\n\t\t\t\t\t\t<\/span>\n\t\t<\/div>\n\t\t\t\t\t\t<\/div>\n\t\t\t\t\t<\/div>\n\t\t\t\t<\/div>\n\t\t<div class=\"elementor-element elementor-element-4c88b57 e-con-full e-flex e-con e-parent\" data-id=\"4c88b57\" data-element_type=\"container\" data-e-type=\"container\">\n\t\t\t\t<div class=\"elementor-element elementor-element-1849491 elementor-invisible elementor-widget elementor-widget-heading\" data-id=\"1849491\" data-element_type=\"widget\" data-e-type=\"widget\" data-settings=\"{&quot;_animation&quot;:&quot;fadeInRight&quot;}\" data-widget_type=\"heading.default\">\n\t\t\t\t\t<h2 class=\"elementor-heading-title elementor-size-default\">Tercero de Bachillerato \ud83c\udfeb<\/h2>\t\t\t\t<\/div>\n\t\t\t\t<\/div>\n\t\t<div class=\"elementor-element elementor-element-f6b33c7 e-con-full e-flex e-con e-parent\" data-id=\"f6b33c7\" data-element_type=\"container\" data-e-type=\"container\">\n\t\t<div class=\"elementor-element elementor-element-ad72d99 e-con-full e-flex e-con e-child\" data-id=\"ad72d99\" data-element_type=\"container\" data-e-type=\"container\">\n\t\t\t\t<div class=\"elementor-element elementor-element-3a1c406 elementor-invisible elementor-widget elementor-widget-image\" data-id=\"3a1c406\" data-element_type=\"widget\" data-e-type=\"widget\" data-settings=\"{&quot;_animation&quot;:&quot;fadeInLeft&quot;}\" data-widget_type=\"image.default\">\n\t\t\t\t\t\t\t\t\t\t\t\t\t\t\t<img fetchpriority=\"high\" decoding=\"async\" width=\"1024\" height=\"767\" src=\"https:\/\/www.uefsanantonio.com\/wp-content\/uploads\/2026\/03\/a1-1024x767.jpg\" class=\"elementor-animation-shrink attachment-large size-large wp-image-2542\" alt=\"\" srcset=\"https:\/\/www.uefsanantonio.com\/wp-content\/uploads\/2026\/03\/a1-1024x767.jpg 1024w, https:\/\/www.uefsanantonio.com\/wp-content\/uploads\/2026\/03\/a1-300x225.jpg 300w, https:\/\/www.uefsanantonio.com\/wp-content\/uploads\/2026\/03\/a1-768x575.jpg 768w, https:\/\/www.uefsanantonio.com\/wp-content\/uploads\/2026\/03\/a1.jpg 1280w\" sizes=\"(max-width: 1024px) 100vw, 1024px\" \/>\t\t\t\t\t\t\t\t\t\t\t\t\t\t\t<\/div>\n\t\t\t\t<\/div>\n\t\t<div class=\"elementor-element elementor-element-4202d6e e-con-full e-flex e-con e-child\" data-id=\"4202d6e\" data-element_type=\"container\" data-e-type=\"container\">\n\t\t\t\t<div class=\"elementor-element elementor-element-e37f2db elementor-widget__width-initial elementor-invisible elementor-widget elementor-widget-text-editor\" data-id=\"e37f2db\" data-element_type=\"widget\" data-e-type=\"widget\" data-settings=\"{&quot;_animation&quot;:&quot;fadeInRight&quot;}\" data-widget_type=\"text-editor.default\">\n\t\t\t\t\t\t\t\t\t<p>En el aula de Tercero de Bachillerato, nuestros estudiantes consolidan los conocimientos y habilidades necesarios para enfrentar con \u00e9xito la educaci\u00f3n superior. Este espacio se caracteriza por el rigor acad\u00e9mico, el pensamiento cr\u00edtico y la especializaci\u00f3n en las \u00e1reas de Qu\u00edmica, F\u00edsica, Biolog\u00eda, Investigaci\u00f3n, entre otras. Fomentamos la responsabilidad y la autonom\u00eda, preparando a los futuros graduados para ser l\u00edderes \u00edntegros y competitivos en un mundo globalizado.<\/p>\t\t\t\t\t\t\t\t<\/div>\n\t\t\t\t<\/div>\n\t\t\t\t<\/div>\n\t\t<div class=\"elementor-element elementor-element-0d335e6 e-flex e-con-boxed e-con e-parent\" data-id=\"0d335e6\" data-element_type=\"container\" data-e-type=\"container\">\n\t\t\t\t\t<div class=\"e-con-inner\">\n\t\t\t\t<div class=\"elementor-element elementor-element-732404f elementor-widget-divider--view-line elementor-widget elementor-widget-divider\" data-id=\"732404f\" data-element_type=\"widget\" data-e-type=\"widget\" data-widget_type=\"divider.default\">\n\t\t\t\t\t\t\t<div class=\"elementor-divider\">\n\t\t\t<span class=\"elementor-divider-separator\">\n\t\t\t\t\t\t<\/span>\n\t\t<\/div>\n\t\t\t\t\t\t<\/div>\n\t\t\t\t\t<\/div>\n\t\t\t\t<\/div>\n\t\t<div class=\"elementor-element elementor-element-5e0615d e-con-full e-flex e-con e-parent\" data-id=\"5e0615d\" data-element_type=\"container\" data-e-type=\"container\">\n\t\t\t\t<div class=\"elementor-element elementor-element-48f409e elementor-invisible elementor-widget elementor-widget-heading\" data-id=\"48f409e\" data-element_type=\"widget\" data-e-type=\"widget\" data-settings=\"{&quot;_animation&quot;:&quot;fadeInLeft&quot;}\" data-widget_type=\"heading.default\">\n\t\t\t\t\t<h2 class=\"elementor-heading-title elementor-size-default\">Segundo de Bachillerato \ud83e\uddd1\ud83c\udffc\u200d\ud83c\udfeb<\/h2>\t\t\t\t<\/div>\n\t\t\t\t<\/div>\n\t\t<div class=\"elementor-element elementor-element-68f3708 e-con-full e-flex e-con e-parent\" data-id=\"68f3708\" data-element_type=\"container\" data-e-type=\"container\">\n\t\t<div class=\"elementor-element elementor-element-733ae1a e-con-full e-flex e-con e-child\" data-id=\"733ae1a\" data-element_type=\"container\" data-e-type=\"container\">\n\t\t\t\t<div class=\"elementor-element elementor-element-b2be0c2 elementor-widget__width-initial elementor-invisible elementor-widget elementor-widget-text-editor\" data-id=\"b2be0c2\" data-element_type=\"widget\" data-e-type=\"widget\" data-settings=\"{&quot;_animation&quot;:&quot;fadeInLeft&quot;}\" data-widget_type=\"text-editor.default\">\n\t\t\t\t\t\t\t\t\t<p>En este nivel, nuestros estudiantes profundizan en sus \u00e1reas de especializaci\u00f3n, desarrollando habilidades avanzadas de investigaci\u00f3n y an\u00e1lisis cr\u00edtico. El aula de Segundo de Bachillerato es un entorno de aprendizaje riguroso donde se fomenta la resoluci\u00f3n de problemas complejos y el dominio de metodolog\u00edas cient\u00edficas y human\u00edsticas. Es la etapa clave para el afianzamiento de competencias acad\u00e9micas que garantizan una base s\u00f3lida para el \u00faltimo a\u00f1o de bachillerato.<\/p>\t\t\t\t\t\t\t\t<\/div>\n\t\t\t\t<\/div>\n\t\t<div class=\"elementor-element elementor-element-db6d0a5 e-con-full e-flex e-con e-child\" data-id=\"db6d0a5\" data-element_type=\"container\" data-e-type=\"container\">\n\t\t\t\t<div class=\"elementor-element elementor-element-0ebaff3 elementor-widget__width-initial elementor-invisible elementor-widget elementor-widget-image\" data-id=\"0ebaff3\" data-element_type=\"widget\" data-e-type=\"widget\" data-settings=\"{&quot;_animation&quot;:&quot;fadeInRight&quot;}\" data-widget_type=\"image.default\">\n\t\t\t\t\t\t\t\t\t\t\t\t\t\t\t<img decoding=\"async\" width=\"1024\" height=\"768\" src=\"https:\/\/www.uefsanantonio.com\/wp-content\/uploads\/2026\/03\/a2-1-1024x768.jpg\" class=\"elementor-animation-shrink attachment-large size-large wp-image-2541\" alt=\"\" srcset=\"https:\/\/www.uefsanantonio.com\/wp-content\/uploads\/2026\/03\/a2-1-1024x768.jpg 1024w, https:\/\/www.uefsanantonio.com\/wp-content\/uploads\/2026\/03\/a2-1-300x225.jpg 300w, https:\/\/www.uefsanantonio.com\/wp-content\/uploads\/2026\/03\/a2-1-768x576.jpg 768w, https:\/\/www.uefsanantonio.com\/wp-content\/uploads\/2026\/03\/a2-1.jpg 1280w\" sizes=\"(max-width: 1024px) 100vw, 1024px\" \/>\t\t\t\t\t\t\t\t\t\t\t\t\t\t\t<\/div>\n\t\t\t\t<\/div>\n\t\t\t\t<\/div>\n\t\t<div class=\"elementor-element elementor-element-0ca51ba e-flex e-con-boxed e-con e-parent\" data-id=\"0ca51ba\" data-element_type=\"container\" data-e-type=\"container\">\n\t\t\t\t\t<div class=\"e-con-inner\">\n\t\t\t\t<div class=\"elementor-element elementor-element-fd8ce81 elementor-widget-divider--view-line elementor-widget elementor-widget-divider\" data-id=\"fd8ce81\" data-element_type=\"widget\" data-e-type=\"widget\" data-widget_type=\"divider.default\">\n\t\t\t\t\t\t\t<div class=\"elementor-divider\">\n\t\t\t<span class=\"elementor-divider-separator\">\n\t\t\t\t\t\t<\/span>\n\t\t<\/div>\n\t\t\t\t\t\t<\/div>\n\t\t\t\t\t<\/div>\n\t\t\t\t<\/div>\n\t\t<div class=\"elementor-element elementor-element-f54f2d8 e-con-full e-flex e-con e-parent\" data-id=\"f54f2d8\" data-element_type=\"container\" data-e-type=\"container\">\n\t\t\t\t<div class=\"elementor-element elementor-element-119ae02 elementor-invisible elementor-widget elementor-widget-heading\" data-id=\"119ae02\" data-element_type=\"widget\" data-e-type=\"widget\" data-settings=\"{&quot;_animation&quot;:&quot;fadeInRight&quot;}\" data-widget_type=\"heading.default\">\n\t\t\t\t\t<h2 class=\"elementor-heading-title elementor-size-default\">D\u00e9cimo A\u00f1o \ud83d\udd8a\ufe0f<\/h2>\t\t\t\t<\/div>\n\t\t\t\t<\/div>\n\t\t<div class=\"elementor-element elementor-element-ce258b9 e-con-full e-flex e-con e-parent\" data-id=\"ce258b9\" data-element_type=\"container\" data-e-type=\"container\">\n\t\t<div class=\"elementor-element elementor-element-b3e4160 e-con-full e-flex e-con e-child\" data-id=\"b3e4160\" data-element_type=\"container\" data-e-type=\"container\">\n\t\t\t\t<div class=\"elementor-element elementor-element-d57800d elementor-invisible elementor-widget elementor-widget-image\" data-id=\"d57800d\" data-element_type=\"widget\" data-e-type=\"widget\" data-settings=\"{&quot;_animation&quot;:&quot;fadeInLeft&quot;}\" data-widget_type=\"image.default\">\n\t\t\t\t\t\t\t\t\t\t\t\t\t\t\t<img decoding=\"async\" width=\"1024\" height=\"768\" src=\"https:\/\/www.uefsanantonio.com\/wp-content\/uploads\/2026\/03\/a3-1024x768.jpg\" class=\"elementor-animation-shrink attachment-large size-large wp-image-2543\" alt=\"\" srcset=\"https:\/\/www.uefsanantonio.com\/wp-content\/uploads\/2026\/03\/a3-1024x768.jpg 1024w, https:\/\/www.uefsanantonio.com\/wp-content\/uploads\/2026\/03\/a3-300x225.jpg 300w, https:\/\/www.uefsanantonio.com\/wp-content\/uploads\/2026\/03\/a3-768x576.jpg 768w, https:\/\/www.uefsanantonio.com\/wp-content\/uploads\/2026\/03\/a3.jpg 1280w\" sizes=\"(max-width: 1024px) 100vw, 1024px\" \/>\t\t\t\t\t\t\t\t\t\t\t\t\t\t\t<\/div>\n\t\t\t\t<\/div>\n\t\t<div class=\"elementor-element elementor-element-c2b8963 e-con-full e-flex e-con e-child\" data-id=\"c2b8963\" data-element_type=\"container\" data-e-type=\"container\">\n\t\t\t\t<div class=\"elementor-element elementor-element-f330000 elementor-widget__width-initial elementor-invisible elementor-widget elementor-widget-text-editor\" data-id=\"f330000\" data-element_type=\"widget\" data-e-type=\"widget\" data-settings=\"{&quot;_animation&quot;:&quot;fadeInRight&quot;}\" data-widget_type=\"text-editor.default\">\n\t\t\t\t\t\t\t\t\t<p>En el aula de D\u00e9cimo A\u00f1o, la educaci\u00f3n trasciende los libros de texto. Potenciamos el pensamiento cr\u00edtico, la oratoria y la resoluci\u00f3n de conflictos, herramientas vitales para esta etapa de pre-adolescencia. A trav\u00e9s de proyectos interdisciplinarios, nuestros estudiantes aprenden a conectar el conocimiento con la realidad nacional. Nos enfocamos en formar j\u00f3venes con voz propia, capaces de liderar con respeto, lealtad y compromiso \u00e9tico dentro de nuestra comunidad educativa.<\/p>\t\t\t\t\t\t\t\t<\/div>\n\t\t\t\t<\/div>\n\t\t\t\t<\/div>\n\t\t<div class=\"elementor-element elementor-element-d037472 e-flex e-con-boxed e-con e-parent\" data-id=\"d037472\" data-element_type=\"container\" data-e-type=\"container\">\n\t\t\t\t\t<div class=\"e-con-inner\">\n\t\t\t\t<div class=\"elementor-element elementor-element-578dbf2 elementor-widget-divider--view-line elementor-widget elementor-widget-divider\" data-id=\"578dbf2\" data-element_type=\"widget\" data-e-type=\"widget\" data-widget_type=\"divider.default\">\n\t\t\t\t\t\t\t<div class=\"elementor-divider\">\n\t\t\t<span class=\"elementor-divider-separator\">\n\t\t\t\t\t\t<\/span>\n\t\t<\/div>\n\t\t\t\t\t\t<\/div>\n\t\t\t\t\t<\/div>\n\t\t\t\t<\/div>\n\t\t<div class=\"elementor-element elementor-element-02299eb e-con-full e-flex e-con e-parent\" data-id=\"02299eb\" data-element_type=\"container\" data-e-type=\"container\">\n\t\t\t\t<div class=\"elementor-element elementor-element-57fa78a elementor-invisible elementor-widget elementor-widget-heading\" data-id=\"57fa78a\" data-element_type=\"widget\" data-e-type=\"widget\" data-settings=\"{&quot;_animation&quot;:&quot;fadeInLeft&quot;}\" data-widget_type=\"heading.default\">\n\t\t\t\t\t<h2 class=\"elementor-heading-title elementor-size-default\">Octavo A\u00f1o \ud83d\udcd2<\/h2>\t\t\t\t<\/div>\n\t\t\t\t<\/div>\n\t\t<div class=\"elementor-element elementor-element-956847d e-con-full e-flex e-con e-parent\" data-id=\"956847d\" data-element_type=\"container\" data-e-type=\"container\">\n\t\t<div class=\"elementor-element elementor-element-98f743b e-con-full e-flex e-con e-child\" data-id=\"98f743b\" data-element_type=\"container\" data-e-type=\"container\">\n\t\t\t\t<div class=\"elementor-element elementor-element-0013a45 elementor-invisible elementor-widget elementor-widget-text-editor\" data-id=\"0013a45\" data-element_type=\"widget\" data-e-type=\"widget\" data-settings=\"{&quot;_animation&quot;:&quot;fadeInLeft&quot;}\" data-widget_type=\"text-editor.default\">\n\t\t\t\t\t\t\t\t\t<p>El aula de Octavo A\u00f1o es la puerta de entrada a una etapa de grandes descubrimientos. En este nivel, acompa\u00f1amos a nuestros estudiantes en su transici\u00f3n hacia la secundaria, enfoc\u00e1ndonos en el desarrollo de la autonom\u00eda y el fortalecimiento de las t\u00e9cnicas de estudio. Es el espacio donde la curiosidad infantil se transforma en pensamiento cr\u00edtico, brindando las herramientas necesarias para que cada joven se adapte con \u00e9xito a un entorno acad\u00e9mico m\u00e1s profundo y diverso.<\/p>\t\t\t\t\t\t\t\t<\/div>\n\t\t\t\t<\/div>\n\t\t<div class=\"elementor-element elementor-element-8b8c194 e-con-full e-flex e-con e-child\" data-id=\"8b8c194\" data-element_type=\"container\" data-e-type=\"container\">\n\t\t\t\t<div class=\"elementor-element elementor-element-b3909f0 elementor-widget__width-initial elementor-invisible elementor-widget elementor-widget-image\" data-id=\"b3909f0\" data-element_type=\"widget\" data-e-type=\"widget\" data-settings=\"{&quot;_animation&quot;:&quot;fadeInRight&quot;}\" data-widget_type=\"image.default\">\n\t\t\t\t\t\t\t\t\t\t\t\t\t\t\t<img loading=\"lazy\" decoding=\"async\" width=\"1024\" height=\"768\" src=\"https:\/\/www.uefsanantonio.com\/wp-content\/uploads\/2026\/03\/a4-1024x768.jpg\" class=\"elementor-animation-shrink attachment-large size-large wp-image-2544\" alt=\"\" srcset=\"https:\/\/www.uefsanantonio.com\/wp-content\/uploads\/2026\/03\/a4-1024x768.jpg 1024w, https:\/\/www.uefsanantonio.com\/wp-content\/uploads\/2026\/03\/a4-300x225.jpg 300w, https:\/\/www.uefsanantonio.com\/wp-content\/uploads\/2026\/03\/a4-768x576.jpg 768w, https:\/\/www.uefsanantonio.com\/wp-content\/uploads\/2026\/03\/a4.jpg 1280w\" sizes=\"(max-width: 1024px) 100vw, 1024px\" \/>\t\t\t\t\t\t\t\t\t\t\t\t\t\t\t<\/div>\n\t\t\t\t<\/div>\n\t\t\t\t<\/div>\n\t\t<div class=\"elementor-element elementor-element-6b8d70c e-flex e-con-boxed e-con e-parent\" data-id=\"6b8d70c\" data-element_type=\"container\" data-e-type=\"container\">\n\t\t\t\t\t<div class=\"e-con-inner\">\n\t\t\t\t<div class=\"elementor-element elementor-element-dced8e1 elementor-widget-divider--view-line elementor-widget elementor-widget-divider\" data-id=\"dced8e1\" data-element_type=\"widget\" data-e-type=\"widget\" data-widget_type=\"divider.default\">\n\t\t\t\t\t\t\t<div class=\"elementor-divider\">\n\t\t\t<span class=\"elementor-divider-separator\">\n\t\t\t\t\t\t<\/span>\n\t\t<\/div>\n\t\t\t\t\t\t<\/div>\n\t\t\t\t\t<\/div>\n\t\t\t\t<\/div>\n\t\t\t\t<\/div>\n\t\t","protected":false},"excerpt":{"rendered":"<p>En la Unidad Educativa San Antonio de Cumbe, entendemos que el entorno es fundamental para el \u00e9xito acad\u00e9mico. Contamos con aulas amplias, iluminadas y dise\u00f1adas para ofrecer a nuestros estudiantes un ambiente seguro y motivador. Cada sal\u00f3n est\u00e1 acondicionado para fomentar la concentraci\u00f3n, el trabajo en equipo y el desarrollo integral de ni\u00f1os y j\u00f3venes. [&hellip;]<\/p>\n","protected":false},"author":1,"featured_media":0,"parent":0,"menu_order":0,"comment_status":"closed","ping_status":"closed","template":"","meta":{"footnotes":""},"class_list":["post-2534","page","type-page","status-publish","hentry"],"_links":{"self":[{"href":"https:\/\/www.uefsanantonio.com\/index.php?rest_route=\/wp\/v2\/pages\/2534","targetHints":{"allow":["GET"]}}],"collection":[{"href":"https:\/\/www.uefsanantonio.com\/index.php?rest_route=\/wp\/v2\/pages"}],"about":[{"href":"https:\/\/www.uefsanantonio.com\/index.php?rest_route=\/wp\/v2\/types\/page"}],"author":[{"embeddable":true,"href":"https:\/\/www.uefsanantonio.com\/index.php?rest_route=\/wp\/v2\/users\/1"}],"replies":[{"embeddable":true,"href":"https:\/\/www.uefsanantonio.com\/index.php?rest_route=%2Fwp%2Fv2%2Fcomments&post=2534"}],"version-history":[{"count":52,"href":"https:\/\/www.uefsanantonio.com\/index.php?rest_route=\/wp\/v2\/pages\/2534\/revisions"}],"predecessor-version":[{"id":2753,"href":"https:\/\/www.uefsanantonio.com\/index.php?rest_route=\/wp\/v2\/pages\/2534\/revisions\/2753"}],"wp:attachment":[{"href":"https:\/\/www.uefsanantonio.com\/index.php?rest_route=%2Fwp%2Fv2%2Fmedia&parent=2534"}],"curies":[{"name":"wp","href":"https:\/\/api.w.org\/{rel}","templated":true}]}}