{"id":33,"date":"2026-03-11T15:18:34","date_gmt":"2026-03-11T15:18:34","guid":{"rendered":"https:\/\/www.uefsanantonio.com\/?page_id=33"},"modified":"2026-04-01T13:45:11","modified_gmt":"2026-04-01T13:45:11","slug":"mision-vision","status":"publish","type":"page","link":"https:\/\/www.uefsanantonio.com\/?page_id=33","title":{"rendered":"Misi\u00f3n &#8211; Visi\u00f3n"},"content":{"rendered":"\t\t<div data-elementor-type=\"wp-page\" data-elementor-id=\"33\" class=\"elementor elementor-33\">\n\t\t\t\t<div class=\"elementor-element elementor-element-2a4b6b2 e-flex e-con-boxed e-con e-parent\" data-id=\"2a4b6b2\" data-element_type=\"container\" data-e-type=\"container\">\n\t\t\t\t\t<div class=\"e-con-inner\">\n\t\t\t\t<div class=\"elementor-element elementor-element-93c859d elementor-widget-divider--view-line elementor-widget elementor-widget-divider\" data-id=\"93c859d\" data-element_type=\"widget\" data-e-type=\"widget\" data-widget_type=\"divider.default\">\n\t\t\t\t\t\t\t<div class=\"elementor-divider\">\n\t\t\t<span class=\"elementor-divider-separator\">\n\t\t\t\t\t\t<\/span>\n\t\t<\/div>\n\t\t\t\t\t\t<\/div>\n\t\t\t\t\t<\/div>\n\t\t\t\t<\/div>\n\t\t<div class=\"elementor-element elementor-element-20f1616 e-con-full e-flex e-con e-parent\" data-id=\"20f1616\" data-element_type=\"container\" data-e-type=\"container\">\n\t\t\t\t<div class=\"elementor-element elementor-element-4bf7d37 elementor-invisible elementor-widget elementor-widget-heading\" data-id=\"4bf7d37\" data-element_type=\"widget\" data-e-type=\"widget\" data-settings=\"{&quot;_animation&quot;:&quot;fadeInLeft&quot;}\" data-widget_type=\"heading.default\">\n\t\t\t\t\t<h2 class=\"elementor-heading-title elementor-size-default\">Misi\u00f3n Institucional<\/h2>\t\t\t\t<\/div>\n\t\t\t\t<\/div>\n\t\t<div class=\"elementor-element elementor-element-8908e2d e-con-full e-flex e-con e-parent\" data-id=\"8908e2d\" data-element_type=\"container\" data-e-type=\"container\">\n\t\t<div class=\"elementor-element elementor-element-5dab66f e-con-full e-flex e-con e-child\" data-id=\"5dab66f\" data-element_type=\"container\" data-e-type=\"container\">\n\t\t\t\t<div class=\"elementor-element elementor-element-9a4ee21 elementor-widget__width-initial elementor-invisible elementor-widget elementor-widget-text-editor\" data-id=\"9a4ee21\" data-element_type=\"widget\" data-e-type=\"widget\" data-settings=\"{&quot;_animation&quot;:&quot;fadeInLeft&quot;}\" data-widget_type=\"text-editor.default\">\n\t\t\t\t\t\t\t\t\t<p>Formar \u00edntegramente al alumno\/a en valores \u00e9ticos, morales y socioculturales; basados en el modelo constructivista, a trav\u00e9s de una conciencia libre, din\u00e1mica, creativa y participativa, para desarrollar las destrezas que les permita desenvolverse en forma aut\u00f3noma en los diferentes espacios, fomentando el respeto y la convivencia arm\u00f3nica con el\u00a0 medio ambiente,\u00a0 en procura de mantener un equilibrio para el buen vivir.<\/p>\t\t\t\t\t\t\t\t<\/div>\n\t\t\t\t<\/div>\n\t\t\t\t<div class=\"elementor-element elementor-element-119241d elementor-widget__width-initial elementor-invisible elementor-widget elementor-widget-image\" data-id=\"119241d\" data-element_type=\"widget\" data-e-type=\"widget\" data-settings=\"{&quot;_animation&quot;:&quot;fadeInRight&quot;}\" data-widget_type=\"image.default\">\n\t\t\t\t\t\t\t\t\t\t\t\t\t\t\t<img fetchpriority=\"high\" decoding=\"async\" width=\"1024\" height=\"576\" src=\"https:\/\/www.uefsanantonio.com\/wp-content\/uploads\/2026\/03\/WhatsApp-Image-2026-03-12-at-9.34.05-AM-1024x576.jpeg\" class=\"elementor-animation-shrink attachment-large size-large wp-image-342\" alt=\"\" srcset=\"https:\/\/www.uefsanantonio.com\/wp-content\/uploads\/2026\/03\/WhatsApp-Image-2026-03-12-at-9.34.05-AM-1024x576.jpeg 1024w, https:\/\/www.uefsanantonio.com\/wp-content\/uploads\/2026\/03\/WhatsApp-Image-2026-03-12-at-9.34.05-AM-300x169.jpeg 300w, https:\/\/www.uefsanantonio.com\/wp-content\/uploads\/2026\/03\/WhatsApp-Image-2026-03-12-at-9.34.05-AM-768x432.jpeg 768w, https:\/\/www.uefsanantonio.com\/wp-content\/uploads\/2026\/03\/WhatsApp-Image-2026-03-12-at-9.34.05-AM-1536x864.jpeg 1536w, https:\/\/www.uefsanantonio.com\/wp-content\/uploads\/2026\/03\/WhatsApp-Image-2026-03-12-at-9.34.05-AM.jpeg 1599w\" sizes=\"(max-width: 1024px) 100vw, 1024px\" \/>\t\t\t\t\t\t\t\t\t\t\t\t\t\t\t<\/div>\n\t\t\t\t<\/div>\n\t\t<div class=\"elementor-element elementor-element-1377394 e-flex e-con-boxed e-con e-parent\" data-id=\"1377394\" data-element_type=\"container\" data-e-type=\"container\">\n\t\t\t\t\t<div class=\"e-con-inner\">\n\t\t\t\t<div class=\"elementor-element elementor-element-e52691b elementor-widget-divider--view-line elementor-widget elementor-widget-divider\" data-id=\"e52691b\" data-element_type=\"widget\" data-e-type=\"widget\" data-widget_type=\"divider.default\">\n\t\t\t\t\t\t\t<div class=\"elementor-divider\">\n\t\t\t<span class=\"elementor-divider-separator\">\n\t\t\t\t\t\t<\/span>\n\t\t<\/div>\n\t\t\t\t\t\t<\/div>\n\t\t\t\t\t<\/div>\n\t\t\t\t<\/div>\n\t\t<div class=\"elementor-element elementor-element-3f8b304 e-con-full e-flex e-con e-parent\" data-id=\"3f8b304\" data-element_type=\"container\" data-e-type=\"container\">\n\t\t\t\t<div class=\"elementor-element elementor-element-aeaa91c elementor-invisible elementor-widget elementor-widget-heading\" data-id=\"aeaa91c\" data-element_type=\"widget\" data-e-type=\"widget\" data-settings=\"{&quot;_animation&quot;:&quot;fadeInLeft&quot;}\" data-widget_type=\"heading.default\">\n\t\t\t\t\t<h2 class=\"elementor-heading-title elementor-size-default\">Visi\u00f3n Institucional<\/h2>\t\t\t\t<\/div>\n\t\t\t\t<\/div>\n\t\t<div class=\"elementor-element elementor-element-75ab55d e-con-full e-flex e-con e-parent\" data-id=\"75ab55d\" data-element_type=\"container\" data-e-type=\"container\">\n\t\t<div class=\"elementor-element elementor-element-381403c e-con-full e-flex e-con e-child\" data-id=\"381403c\" data-element_type=\"container\" data-e-type=\"container\">\n\t\t\t\t<div class=\"elementor-element elementor-element-e957963 elementor-widget__width-initial elementor-invisible elementor-widget elementor-widget-text-editor\" data-id=\"e957963\" data-element_type=\"widget\" data-e-type=\"widget\" data-settings=\"{&quot;_animation&quot;:&quot;fadeInLeft&quot;}\" data-widget_type=\"text-editor.default\">\n\t\t\t\t\t\t\t\t\t<p>Proveer a la Sociedad estudiantes, con un alto nivel de valores \u00e9ticos, morales, socioculturales, y con elevada autoestima; capaces para afrontar los retos que exige la sociedad actual, mediante el desarrollo de destrezas y enfocados en est\u00e1ndares de calidad.<\/p>\t\t\t\t\t\t\t\t<\/div>\n\t\t\t\t<\/div>\n\t\t\t\t<div class=\"elementor-element elementor-element-3ba17ee elementor-widget__width-initial elementor-invisible elementor-widget elementor-widget-image\" data-id=\"3ba17ee\" data-element_type=\"widget\" data-e-type=\"widget\" data-settings=\"{&quot;_animation&quot;:&quot;fadeInRight&quot;}\" data-widget_type=\"image.default\">\n\t\t\t\t\t\t\t\t\t\t\t\t\t\t\t<img decoding=\"async\" width=\"1024\" height=\"576\" src=\"https:\/\/www.uefsanantonio.com\/wp-content\/uploads\/2026\/03\/WhatsApp-Image-2026-03-12-at-9.34.30-AM-1024x576.jpeg\" class=\"elementor-animation-shrink attachment-large size-large wp-image-343\" alt=\"\" srcset=\"https:\/\/www.uefsanantonio.com\/wp-content\/uploads\/2026\/03\/WhatsApp-Image-2026-03-12-at-9.34.30-AM-1024x576.jpeg 1024w, https:\/\/www.uefsanantonio.com\/wp-content\/uploads\/2026\/03\/WhatsApp-Image-2026-03-12-at-9.34.30-AM-300x169.jpeg 300w, https:\/\/www.uefsanantonio.com\/wp-content\/uploads\/2026\/03\/WhatsApp-Image-2026-03-12-at-9.34.30-AM-768x432.jpeg 768w, https:\/\/www.uefsanantonio.com\/wp-content\/uploads\/2026\/03\/WhatsApp-Image-2026-03-12-at-9.34.30-AM-1536x864.jpeg 1536w, https:\/\/www.uefsanantonio.com\/wp-content\/uploads\/2026\/03\/WhatsApp-Image-2026-03-12-at-9.34.30-AM.jpeg 1599w\" sizes=\"(max-width: 1024px) 100vw, 1024px\" \/>\t\t\t\t\t\t\t\t\t\t\t\t\t\t\t<\/div>\n\t\t\t\t<\/div>\n\t\t<div class=\"elementor-element elementor-element-8e80cfb e-flex e-con-boxed e-con e-parent\" data-id=\"8e80cfb\" data-element_type=\"container\" data-e-type=\"container\">\n\t\t\t\t\t<div class=\"e-con-inner\">\n\t\t\t\t<div class=\"elementor-element elementor-element-964d702 elementor-widget-divider--view-line elementor-widget elementor-widget-divider\" data-id=\"964d702\" data-element_type=\"widget\" data-e-type=\"widget\" data-widget_type=\"divider.default\">\n\t\t\t\t\t\t\t<div class=\"elementor-divider\">\n\t\t\t<span class=\"elementor-divider-separator\">\n\t\t\t\t\t\t<\/span>\n\t\t<\/div>\n\t\t\t\t\t\t<\/div>\n\t\t\t\t\t<\/div>\n\t\t\t\t<\/div>\n\t\t\t\t<\/div>\n\t\t","protected":false},"excerpt":{"rendered":"<p>Misi\u00f3n Institucional Formar \u00edntegramente al alumno\/a en valores \u00e9ticos, morales y socioculturales; basados en el modelo constructivista, a trav\u00e9s de una conciencia libre, din\u00e1mica, creativa y participativa, para desarrollar las destrezas que les permita desenvolverse en forma aut\u00f3noma en los diferentes espacios, fomentando el respeto y la convivencia arm\u00f3nica con el\u00a0 medio ambiente,\u00a0 en procura [&hellip;]<\/p>\n","protected":false},"author":1,"featured_media":0,"parent":0,"menu_order":0,"comment_status":"closed","ping_status":"closed","template":"","meta":{"footnotes":""},"class_list":["post-33","page","type-page","status-publish","hentry"],"_links":{"self":[{"href":"https:\/\/www.uefsanantonio.com\/index.php?rest_route=\/wp\/v2\/pages\/33","targetHints":{"allow":["GET"]}}],"collection":[{"href":"https:\/\/www.uefsanantonio.com\/index.php?rest_route=\/wp\/v2\/pages"}],"about":[{"href":"https:\/\/www.uefsanantonio.com\/index.php?rest_route=\/wp\/v2\/types\/page"}],"author":[{"embeddable":true,"href":"https:\/\/www.uefsanantonio.com\/index.php?rest_route=\/wp\/v2\/users\/1"}],"replies":[{"embeddable":true,"href":"https:\/\/www.uefsanantonio.com\/index.php?rest_route=%2Fwp%2Fv2%2Fcomments&post=33"}],"version-history":[{"count":232,"href":"https:\/\/www.uefsanantonio.com\/index.php?rest_route=\/wp\/v2\/pages\/33\/revisions"}],"predecessor-version":[{"id":2744,"href":"https:\/\/www.uefsanantonio.com\/index.php?rest_route=\/wp\/v2\/pages\/33\/revisions\/2744"}],"wp:attachment":[{"href":"https:\/\/www.uefsanantonio.com\/index.php?rest_route=%2Fwp%2Fv2%2Fmedia&parent=33"}],"curies":[{"name":"wp","href":"https:\/\/api.w.org\/{rel}","templated":true}]}}