{"id":487,"date":"2026-03-14T00:27:01","date_gmt":"2026-03-14T00:27:01","guid":{"rendered":"https:\/\/www.uefsanantonio.com\/?page_id=487"},"modified":"2026-04-06T13:46:35","modified_gmt":"2026-04-06T13:46:35","slug":"historia","status":"publish","type":"page","link":"https:\/\/www.uefsanantonio.com\/?page_id=487","title":{"rendered":"Historia"},"content":{"rendered":"\t\t<div data-elementor-type=\"wp-page\" data-elementor-id=\"487\" class=\"elementor elementor-487\">\n\t\t\t\t<div class=\"elementor-element elementor-element-20c7df0 e-con-full e-flex e-con e-parent\" data-id=\"20c7df0\" data-element_type=\"container\" data-e-type=\"container\">\n\t\t\t\t<div class=\"elementor-element elementor-element-9612a95 elementor-arrows-position-inside elementor-pagination-position-outside elementor-invisible elementor-widget elementor-widget-image-carousel\" data-id=\"9612a95\" data-element_type=\"widget\" data-e-type=\"widget\" data-settings=\"{&quot;_animation&quot;:&quot;fadeInLeft&quot;,&quot;navigation&quot;:&quot;both&quot;,&quot;autoplay&quot;:&quot;yes&quot;,&quot;pause_on_hover&quot;:&quot;yes&quot;,&quot;pause_on_interaction&quot;:&quot;yes&quot;,&quot;autoplay_speed&quot;:5000,&quot;infinite&quot;:&quot;yes&quot;,&quot;speed&quot;:500}\" data-widget_type=\"image-carousel.default\">\n\t\t\t\t\t\t\t<div class=\"elementor-image-carousel-wrapper swiper\" role=\"region\" aria-roledescription=\"carousel\" aria-label=\"Carrusel de im\u00e1genes\" dir=\"ltr\">\n\t\t\t<div class=\"elementor-image-carousel swiper-wrapper\" aria-live=\"off\">\n\t\t\t\t\t\t\t\t<div class=\"swiper-slide\" role=\"group\" aria-roledescription=\"slide\" aria-label=\"1 de 5\"><figure class=\"swiper-slide-inner\"><img decoding=\"async\" class=\"swiper-slide-image\" src=\"https:\/\/www.uefsanantonio.com\/wp-content\/uploads\/2026\/03\/iglesia-150x150.jpg\" alt=\"iglesia\" \/><\/figure><\/div><div class=\"swiper-slide\" role=\"group\" aria-roledescription=\"slide\" aria-label=\"2 de 5\"><figure class=\"swiper-slide-inner\"><img decoding=\"async\" class=\"swiper-slide-image\" src=\"https:\/\/www.uefsanantonio.com\/wp-content\/uploads\/2026\/03\/santo-150x150.jpg\" alt=\"santo\" \/><\/figure><\/div><div class=\"swiper-slide\" role=\"group\" aria-roledescription=\"slide\" aria-label=\"3 de 5\"><figure class=\"swiper-slide-inner\"><img decoding=\"async\" class=\"swiper-slide-image\" src=\"https:\/\/www.uefsanantonio.com\/wp-content\/uploads\/2026\/03\/WhatsApp-Image-2026-03-12-at-9.29.46-AM-150x150.jpeg\" alt=\"WhatsApp Image 2026-03-12 at 9.29.46 AM\" \/><\/figure><\/div><div class=\"swiper-slide\" role=\"group\" aria-roledescription=\"slide\" aria-label=\"4 de 5\"><figure class=\"swiper-slide-inner\"><img decoding=\"async\" class=\"swiper-slide-image\" src=\"https:\/\/www.uefsanantonio.com\/wp-content\/uploads\/2026\/03\/WhatsApp-Image-2026-03-12-at-9.31.23-AM-150x150.jpeg\" alt=\"WhatsApp Image 2026-03-12 at 9.31.23 AM\" \/><\/figure><\/div><div class=\"swiper-slide\" role=\"group\" aria-roledescription=\"slide\" aria-label=\"5 de 5\"><figure class=\"swiper-slide-inner\"><img decoding=\"async\" class=\"swiper-slide-image\" src=\"https:\/\/www.uefsanantonio.com\/wp-content\/uploads\/2026\/03\/WhatsApp-Image-2026-03-12-at-9.31.41-AM-1-150x150.jpeg\" alt=\"WhatsApp Image 2026-03-12 at 9.31.41 AM\" \/><\/figure><\/div>\t\t\t<\/div>\n\t\t\t\t\t\t\t\t\t\t\t\t<div class=\"elementor-swiper-button elementor-swiper-button-prev\" role=\"button\" tabindex=\"0\">\n\t\t\t\t\t\t<svg aria-hidden=\"true\" class=\"e-font-icon-svg e-eicon-chevron-left\" viewBox=\"0 0 1000 1000\" xmlns=\"http:\/\/www.w3.org\/2000\/svg\"><path d=\"M646 125C629 125 613 133 604 142L308 442C296 454 292 471 292 487 292 504 296 521 308 533L604 854C617 867 629 875 646 875 663 875 679 871 692 858 704 846 713 829 713 812 713 796 708 779 692 767L438 487 692 225C700 217 708 204 708 187 708 171 704 154 692 142 675 129 663 125 646 125Z\"><\/path><\/svg>\t\t\t\t\t<\/div>\n\t\t\t\t\t<div class=\"elementor-swiper-button elementor-swiper-button-next\" role=\"button\" tabindex=\"0\">\n\t\t\t\t\t\t<svg aria-hidden=\"true\" class=\"e-font-icon-svg e-eicon-chevron-right\" viewBox=\"0 0 1000 1000\" xmlns=\"http:\/\/www.w3.org\/2000\/svg\"><path d=\"M696 533C708 521 713 504 713 487 713 471 708 454 696 446L400 146C388 133 375 125 354 125 338 125 325 129 313 142 300 154 292 171 292 187 292 204 296 221 308 233L563 492 304 771C292 783 288 800 288 817 288 833 296 850 308 863 321 871 338 875 354 875 371 875 388 867 400 854L696 533Z\"><\/path><\/svg>\t\t\t\t\t<\/div>\n\t\t\t\t\n\t\t\t\t\t\t\t\t\t<div class=\"swiper-pagination\"><\/div>\n\t\t\t\t\t\t\t\t\t<\/div>\n\t\t\t\t\t\t<\/div>\n\t\t\t\t<\/div>\n\t\t<div class=\"elementor-element elementor-element-e5c16ce e-flex e-con-boxed e-con e-parent\" data-id=\"e5c16ce\" data-element_type=\"container\" data-e-type=\"container\">\n\t\t\t\t\t<div class=\"e-con-inner\">\n\t\t\t\t<div class=\"elementor-element elementor-element-a43ff1c elementor-widget-divider--view-line elementor-widget elementor-widget-divider\" data-id=\"a43ff1c\" data-element_type=\"widget\" data-e-type=\"widget\" data-widget_type=\"divider.default\">\n\t\t\t\t\t\t\t<div class=\"elementor-divider\">\n\t\t\t<span class=\"elementor-divider-separator\">\n\t\t\t\t\t\t<\/span>\n\t\t<\/div>\n\t\t\t\t\t\t<\/div>\n\t\t\t\t\t<\/div>\n\t\t\t\t<\/div>\n\t\t<div class=\"elementor-element elementor-element-e2fe67c e-con-full e-flex e-con e-parent\" data-id=\"e2fe67c\" data-element_type=\"container\" data-e-type=\"container\">\n\t\t\t\t<div class=\"elementor-element elementor-element-41ba26d elementor-invisible elementor-widget elementor-widget-heading\" data-id=\"41ba26d\" data-element_type=\"widget\" data-e-type=\"widget\" data-settings=\"{&quot;_animation&quot;:&quot;fadeInRight&quot;}\" data-widget_type=\"heading.default\">\n\t\t\t\t\t<h2 class=\"elementor-heading-title elementor-size-default\">Rese\u00f1a Hist\u00f3rica de la Unidad Educativa Fiscal San Antonio de Cumbe\ud83d\udcdc<\/h2>\t\t\t\t<\/div>\n\t\t\t\t<\/div>\n\t\t<div class=\"elementor-element elementor-element-19bf65c e-con-full e-flex elementor-invisible e-con e-parent\" data-id=\"19bf65c\" data-element_type=\"container\" data-e-type=\"container\" data-settings=\"{&quot;animation&quot;:&quot;fadeInUp&quot;}\">\n\t\t\t\t<div class=\"elementor-element elementor-element-c555414 elementor-widget__width-initial elementor-invisible elementor-widget elementor-widget-text-editor\" data-id=\"c555414\" data-element_type=\"widget\" data-e-type=\"widget\" data-settings=\"{&quot;_animation&quot;:&quot;fadeIn&quot;}\" data-widget_type=\"text-editor.default\">\n\t\t\t\t\t\t\t\t\t<p>La Unidad Educativa \u201cSan Antonio\u201d se encuentra ubicada en la cabecera parroquial de la parroquia San Antonio de Cumbe, en las calles Primero de Enero y Dos de Julio.\u00a0<\/p><p>La instituci\u00f3n inici\u00f3 sus actividades con la denominaci\u00f3n de Escuela Fiscal Mixta \u201cNapole\u00f3n Bonaparte\u201d, nombre asignado por las autoridades gubernamentales de la \u00e9poca.\u00a0Ante la inexistencia de documentaci\u00f3n oficial que precisara la fecha de creaci\u00f3n, el profesor Walter Ram\u00f3n realiz\u00f3 una exhaustiva investigaci\u00f3n hist\u00f3rica.\u00a0En primera instancia, efectu\u00f3 la b\u00fasqueda de archivos en la Direcci\u00f3n Provincial de Educaci\u00f3n Hispana de Loja; al no encontrar registros oficiales, desarroll\u00f3 un estudio de campo mediante entrevistas a los moradores de mayor edad de la parroquia.\u00a0<\/p><p>De acuerdo con los testimonios recopilados, la escuela funcion\u00f3 inicialmente en una choza de paja ubicada cerca de la iglesia parroquial y posteriormente traslad\u00f3 sus actividades a la actual direcci\u00f3n, donde operaba en un aula construida de adobe. Con base en estos antecedentes hist\u00f3ricos, se determin\u00f3 como fecha de creaci\u00f3n el 1 de octubre de 1920, iniciando como instituci\u00f3n\u00a0unidocente.\u00a0<\/p><p>La legalizaci\u00f3n oficial de la fecha de creaci\u00f3n se efectu\u00f3 el 29 de mayo de 2014, mediante Resoluci\u00f3n N.\u00ba 451-CZ-7, emitida por la autoridad zonal, Dra. Mar\u00eda Lorena Reyes Toro. En la actualidad, la instituci\u00f3n cuenta con 105 a\u00f1os de vida institucional al servicio de la comunidad educativa.\u00a0<\/p><p>Posteriormente, el 21 de septiembre de 2017, mediante Resoluci\u00f3n N.\u00ba 001-UDP-S-2017, se aprob\u00f3 el cambio de denominaci\u00f3n de Unidad Educativa \u201cNapole\u00f3n Bonaparte\u201d a Unidad Educativa \u201cSan Antonio\u201d, en honor al patrono de la parroquia.\u00a0<\/p><p>La planta docente, conformada por profesionales con nombramiento y contrato, se caracteriza por su compromiso institucional y s\u00f3lida formaci\u00f3n acad\u00e9mica, acorde con las necesidades pedag\u00f3gicas del estudiantado. La instituci\u00f3n acoge a estudiantes provenientes de los diferentes barrios de la parroquia San Antonio de Cumbe, orientando su labor educativa al fortalecimiento de valores y a la formaci\u00f3n integral de ciudadanos propositivos, cr\u00edticos y creativos, capaces de afrontar las problem\u00e1ticas sociales de su entorno.\u00a0<\/p>\t\t\t\t\t\t\t\t<\/div>\n\t\t\t\t<\/div>\n\t\t<div class=\"elementor-element elementor-element-4904c8d e-flex e-con-boxed e-con e-parent\" data-id=\"4904c8d\" data-element_type=\"container\" data-e-type=\"container\">\n\t\t\t\t\t<div class=\"e-con-inner\">\n\t\t\t\t<div class=\"elementor-element elementor-element-c4a2839 elementor-widget-divider--view-line elementor-widget elementor-widget-divider\" data-id=\"c4a2839\" data-element_type=\"widget\" data-e-type=\"widget\" data-widget_type=\"divider.default\">\n\t\t\t\t\t\t\t<div class=\"elementor-divider\">\n\t\t\t<span class=\"elementor-divider-separator\">\n\t\t\t\t\t\t<\/span>\n\t\t<\/div>\n\t\t\t\t\t\t<\/div>\n\t\t\t\t\t<\/div>\n\t\t\t\t<\/div>\n\t\t<div class=\"elementor-element elementor-element-faa1cba e-con-full e-flex e-con e-parent\" data-id=\"faa1cba\" data-element_type=\"container\" data-e-type=\"container\">\n\t\t\t\t<div class=\"elementor-element elementor-element-093ecdf elementor-invisible elementor-widget elementor-widget-image\" data-id=\"093ecdf\" data-element_type=\"widget\" data-e-type=\"widget\" data-settings=\"{&quot;_animation&quot;:&quot;fadeInLeft&quot;}\" data-widget_type=\"image.default\">\n\t\t\t\t\t\t\t\t\t\t\t\t\t\t\t<img fetchpriority=\"high\" decoding=\"async\" width=\"1024\" height=\"576\" src=\"https:\/\/www.uefsanantonio.com\/wp-content\/uploads\/2026\/03\/WhatsApp-Image-2026-03-12-at-9.29.02-AM-1024x576.jpeg\" class=\"elementor-animation-shrink attachment-large size-large wp-image-336\" alt=\"\" srcset=\"https:\/\/www.uefsanantonio.com\/wp-content\/uploads\/2026\/03\/WhatsApp-Image-2026-03-12-at-9.29.02-AM-1024x576.jpeg 1024w, https:\/\/www.uefsanantonio.com\/wp-content\/uploads\/2026\/03\/WhatsApp-Image-2026-03-12-at-9.29.02-AM-300x169.jpeg 300w, https:\/\/www.uefsanantonio.com\/wp-content\/uploads\/2026\/03\/WhatsApp-Image-2026-03-12-at-9.29.02-AM-768x432.jpeg 768w, https:\/\/www.uefsanantonio.com\/wp-content\/uploads\/2026\/03\/WhatsApp-Image-2026-03-12-at-9.29.02-AM-1536x864.jpeg 1536w, https:\/\/www.uefsanantonio.com\/wp-content\/uploads\/2026\/03\/WhatsApp-Image-2026-03-12-at-9.29.02-AM.jpeg 1599w\" sizes=\"(max-width: 1024px) 100vw, 1024px\" \/>\t\t\t\t\t\t\t\t\t\t\t\t\t\t\t<\/div>\n\t\t\t\t<\/div>\n\t\t<div class=\"elementor-element elementor-element-9ca3e88 e-flex e-con-boxed e-con e-parent\" data-id=\"9ca3e88\" data-element_type=\"container\" data-e-type=\"container\">\n\t\t\t\t\t<div class=\"e-con-inner\">\n\t\t\t\t<div class=\"elementor-element elementor-element-75dd84b elementor-widget-divider--view-line elementor-widget elementor-widget-divider\" data-id=\"75dd84b\" data-element_type=\"widget\" data-e-type=\"widget\" data-widget_type=\"divider.default\">\n\t\t\t\t\t\t\t<div class=\"elementor-divider\">\n\t\t\t<span class=\"elementor-divider-separator\">\n\t\t\t\t\t\t<\/span>\n\t\t<\/div>\n\t\t\t\t\t\t<\/div>\n\t\t\t\t\t<\/div>\n\t\t\t\t<\/div>\n\t\t\t\t<\/div>\n\t\t","protected":false},"excerpt":{"rendered":"<p>Rese\u00f1a Hist\u00f3rica de la Unidad Educativa Fiscal San Antonio de Cumbe&#x1f4dc; La Unidad Educativa \u201cSan Antonio\u201d se encuentra ubicada en la cabecera parroquial de la parroquia San Antonio de Cumbe, en las calles Primero de Enero y Dos de Julio.\u00a0 La instituci\u00f3n inici\u00f3 sus actividades con la denominaci\u00f3n de Escuela Fiscal Mixta \u201cNapole\u00f3n Bonaparte\u201d, nombre [&hellip;]<\/p>\n","protected":false},"author":1,"featured_media":0,"parent":0,"menu_order":0,"comment_status":"closed","ping_status":"closed","template":"","meta":{"footnotes":""},"class_list":["post-487","page","type-page","status-publish","hentry"],"_links":{"self":[{"href":"https:\/\/www.uefsanantonio.com\/index.php?rest_route=\/wp\/v2\/pages\/487","targetHints":{"allow":["GET"]}}],"collection":[{"href":"https:\/\/www.uefsanantonio.com\/index.php?rest_route=\/wp\/v2\/pages"}],"about":[{"href":"https:\/\/www.uefsanantonio.com\/index.php?rest_route=\/wp\/v2\/types\/page"}],"author":[{"embeddable":true,"href":"https:\/\/www.uefsanantonio.com\/index.php?rest_route=\/wp\/v2\/users\/1"}],"replies":[{"embeddable":true,"href":"https:\/\/www.uefsanantonio.com\/index.php?rest_route=%2Fwp%2Fv2%2Fcomments&post=487"}],"version-history":[{"count":58,"href":"https:\/\/www.uefsanantonio.com\/index.php?rest_route=\/wp\/v2\/pages\/487\/revisions"}],"predecessor-version":[{"id":2984,"href":"https:\/\/www.uefsanantonio.com\/index.php?rest_route=\/wp\/v2\/pages\/487\/revisions\/2984"}],"wp:attachment":[{"href":"https:\/\/www.uefsanantonio.com\/index.php?rest_route=%2Fwp%2Fv2%2Fmedia&parent=487"}],"curies":[{"name":"wp","href":"https:\/\/api.w.org\/{rel}","templated":true}]}}