{"id":500,"date":"2026-03-14T00:32:06","date_gmt":"2026-03-14T00:32:06","guid":{"rendered":"https:\/\/www.uefsanantonio.com\/?page_id=500"},"modified":"2026-04-01T14:19:53","modified_gmt":"2026-04-01T14:19:53","slug":"nivel-media","status":"publish","type":"page","link":"https:\/\/www.uefsanantonio.com\/?page_id=500","title":{"rendered":"Nivel Media"},"content":{"rendered":"\t\t<div data-elementor-type=\"wp-page\" data-elementor-id=\"500\" class=\"elementor elementor-500\">\n\t\t\t\t<div class=\"elementor-element elementor-element-647de81 e-con-full e-flex e-con e-parent\" data-id=\"647de81\" data-element_type=\"container\" data-e-type=\"container\">\n\t\t\t\t<div class=\"elementor-element elementor-element-6ba1ecc elementor-invisible elementor-widget elementor-widget-image\" data-id=\"6ba1ecc\" data-element_type=\"widget\" data-e-type=\"widget\" data-settings=\"{&quot;_animation&quot;:&quot;fadeInDown&quot;}\" data-widget_type=\"image.default\">\n\t\t\t\t\t\t\t\t\t\t\t\t\t\t\t<img fetchpriority=\"high\" decoding=\"async\" width=\"1024\" height=\"102\" src=\"https:\/\/www.uefsanantonio.com\/wp-content\/uploads\/2026\/03\/medi-1024x102.png\" class=\"attachment-large size-large wp-image-1951\" alt=\"\" srcset=\"https:\/\/www.uefsanantonio.com\/wp-content\/uploads\/2026\/03\/medi-1024x102.png 1024w, https:\/\/www.uefsanantonio.com\/wp-content\/uploads\/2026\/03\/medi-300x30.png 300w, https:\/\/www.uefsanantonio.com\/wp-content\/uploads\/2026\/03\/medi-768x77.png 768w, https:\/\/www.uefsanantonio.com\/wp-content\/uploads\/2026\/03\/medi.png 1500w\" sizes=\"(max-width: 1024px) 100vw, 1024px\" \/>\t\t\t\t\t\t\t\t\t\t\t\t\t\t\t<\/div>\n\t\t\t\t<\/div>\n\t\t<div class=\"elementor-element elementor-element-79d684d e-flex e-con-boxed e-con e-parent\" data-id=\"79d684d\" data-element_type=\"container\" data-e-type=\"container\">\n\t\t\t\t\t<div class=\"e-con-inner\">\n\t\t\t\t<div class=\"elementor-element elementor-element-10ee381 elementor-widget-divider--view-line elementor-widget elementor-widget-divider\" data-id=\"10ee381\" data-element_type=\"widget\" data-e-type=\"widget\" data-widget_type=\"divider.default\">\n\t\t\t\t\t\t\t<div class=\"elementor-divider\">\n\t\t\t<span class=\"elementor-divider-separator\">\n\t\t\t\t\t\t<\/span>\n\t\t<\/div>\n\t\t\t\t\t\t<\/div>\n\t\t\t\t\t<\/div>\n\t\t\t\t<\/div>\n\t\t<div class=\"elementor-element elementor-element-6234cb1 e-con-full e-flex e-con e-parent\" data-id=\"6234cb1\" data-element_type=\"container\" data-e-type=\"container\">\n\t\t<div class=\"elementor-element elementor-element-b084e96 e-con-full e-flex e-con e-child\" data-id=\"b084e96\" data-element_type=\"container\" data-e-type=\"container\">\n\t\t\t\t<div class=\"elementor-element elementor-element-96350bf elementor-widget__width-initial elementor-invisible elementor-widget elementor-widget-image\" data-id=\"96350bf\" data-element_type=\"widget\" data-e-type=\"widget\" data-settings=\"{&quot;_animation&quot;:&quot;zoomIn&quot;}\" data-widget_type=\"image.default\">\n\t\t\t\t\t\t\t\t\t\t\t\t\t\t\t<img decoding=\"async\" width=\"1024\" height=\"576\" src=\"https:\/\/www.uefsanantonio.com\/wp-content\/uploads\/2026\/03\/WhatsApp-Image-2026-03-12-at-9.35.15-AM-1024x576.jpeg\" class=\"elementor-animation-shrink attachment-large size-large wp-image-344\" alt=\"\" srcset=\"https:\/\/www.uefsanantonio.com\/wp-content\/uploads\/2026\/03\/WhatsApp-Image-2026-03-12-at-9.35.15-AM-1024x576.jpeg 1024w, https:\/\/www.uefsanantonio.com\/wp-content\/uploads\/2026\/03\/WhatsApp-Image-2026-03-12-at-9.35.15-AM-300x169.jpeg 300w, https:\/\/www.uefsanantonio.com\/wp-content\/uploads\/2026\/03\/WhatsApp-Image-2026-03-12-at-9.35.15-AM-768x432.jpeg 768w, https:\/\/www.uefsanantonio.com\/wp-content\/uploads\/2026\/03\/WhatsApp-Image-2026-03-12-at-9.35.15-AM-1536x864.jpeg 1536w, https:\/\/www.uefsanantonio.com\/wp-content\/uploads\/2026\/03\/WhatsApp-Image-2026-03-12-at-9.35.15-AM.jpeg 1599w\" sizes=\"(max-width: 1024px) 100vw, 1024px\" \/>\t\t\t\t\t\t\t\t\t\t\t\t\t\t\t<\/div>\n\t\t\t\t<\/div>\n\t\t<div class=\"elementor-element elementor-element-ea15f71 e-con-full e-flex e-con e-child\" data-id=\"ea15f71\" data-element_type=\"container\" data-e-type=\"container\">\n\t\t\t\t<div class=\"elementor-element elementor-element-7cdae57 elementor-widget__width-initial elementor-invisible elementor-widget elementor-widget-text-editor\" data-id=\"7cdae57\" data-element_type=\"widget\" data-e-type=\"widget\" data-settings=\"{&quot;_animation&quot;:&quot;fadeInRight&quot;}\" data-widget_type=\"text-editor.default\">\n\t\t\t\t\t\t\t\t\t<p data-path-to-node=\"4\">En la Unidad Educativa Fiscal San Antonio de Cumbe, el nivel de Educaci\u00f3n Media es una etapa de transformaci\u00f3n. Nos enfocamos en guiar a nuestros adolescentes para que dejen de ser receptores de informaci\u00f3n y se conviertan en protagonistas de su propio aprendizaje, desarrollando un pensamiento cr\u00edtico y una identidad s\u00f3lida.<\/p>\t\t\t\t\t\t\t\t<\/div>\n\t\t\t\t<\/div>\n\t\t\t\t<\/div>\n\t\t<div class=\"elementor-element elementor-element-807b9ba e-flex e-con-boxed e-con e-parent\" data-id=\"807b9ba\" data-element_type=\"container\" data-e-type=\"container\">\n\t\t\t\t\t<div class=\"e-con-inner\">\n\t\t\t\t<div class=\"elementor-element elementor-element-8f29534 elementor-widget-divider--view-line elementor-widget elementor-widget-divider\" data-id=\"8f29534\" data-element_type=\"widget\" data-e-type=\"widget\" data-widget_type=\"divider.default\">\n\t\t\t\t\t\t\t<div class=\"elementor-divider\">\n\t\t\t<span class=\"elementor-divider-separator\">\n\t\t\t\t\t\t<\/span>\n\t\t<\/div>\n\t\t\t\t\t\t<\/div>\n\t\t\t\t\t<\/div>\n\t\t\t\t<\/div>\n\t\t<div class=\"elementor-element elementor-element-57cd527 e-con-full e-flex e-con e-parent\" data-id=\"57cd527\" data-element_type=\"container\" data-e-type=\"container\">\n\t\t\t\t<div class=\"elementor-element elementor-element-1ce3e02 elementor-invisible elementor-widget elementor-widget-image\" data-id=\"1ce3e02\" data-element_type=\"widget\" data-e-type=\"widget\" data-settings=\"{&quot;_animation&quot;:&quot;zoomIn&quot;}\" data-widget_type=\"image.default\">\n\t\t\t\t\t\t\t\t\t\t\t\t\t\t\t<img decoding=\"async\" width=\"1000\" height=\"800\" src=\"https:\/\/www.uefsanantonio.com\/wp-content\/uploads\/2026\/03\/collageeee.png\" class=\"elementor-animation-shrink attachment-large size-large wp-image-1069\" alt=\"\" srcset=\"https:\/\/www.uefsanantonio.com\/wp-content\/uploads\/2026\/03\/collageeee.png 1000w, https:\/\/www.uefsanantonio.com\/wp-content\/uploads\/2026\/03\/collageeee-300x240.png 300w, https:\/\/www.uefsanantonio.com\/wp-content\/uploads\/2026\/03\/collageeee-768x614.png 768w\" sizes=\"(max-width: 1000px) 100vw, 1000px\" \/>\t\t\t\t\t\t\t\t\t\t\t\t\t\t\t<\/div>\n\t\t\t\t<\/div>\n\t\t<div class=\"elementor-element elementor-element-7df717d e-con-full e-flex e-con e-parent\" data-id=\"7df717d\" data-element_type=\"container\" data-e-type=\"container\">\n\t\t<div class=\"elementor-element elementor-element-630978b e-con-full e-flex e-con e-child\" data-id=\"630978b\" data-element_type=\"container\" data-e-type=\"container\">\n\t\t\t\t<div class=\"elementor-element elementor-element-cc4fd96 elementor-widget__width-initial elementor-invisible elementor-widget elementor-widget-heading\" data-id=\"cc4fd96\" data-element_type=\"widget\" data-e-type=\"widget\" data-settings=\"{&quot;_animation&quot;:&quot;fadeInLeft&quot;}\" data-widget_type=\"heading.default\">\n\t\t\t\t\t<h2 class=\"elementor-heading-title elementor-size-default\">Objetivos Educativos \ud83e\uddd1\ud83c\udffb\u200d\ud83c\udfeb<\/h2>\t\t\t\t<\/div>\n\t\t\t\t<\/div>\n\t\t<div class=\"elementor-element elementor-element-325d465 e-con-full e-flex e-con e-child\" data-id=\"325d465\" data-element_type=\"container\" data-e-type=\"container\">\n\t\t\t\t<div class=\"elementor-element elementor-element-623d009 elementor-widget__width-initial elementor-invisible elementor-widget elementor-widget-heading\" data-id=\"623d009\" data-element_type=\"widget\" data-e-type=\"widget\" data-settings=\"{&quot;_animation&quot;:&quot;fadeInRight&quot;}\" data-widget_type=\"heading.default\">\n\t\t\t\t\t<h2 class=\"elementor-heading-title elementor-size-default\">Estructura del Programa \ud83d\udcdd<\/h2>\t\t\t\t<\/div>\n\t\t\t\t<\/div>\n\t\t\t\t<\/div>\n\t\t<div class=\"elementor-element elementor-element-c2f2ca6 e-con-full e-flex e-con e-parent\" data-id=\"c2f2ca6\" data-element_type=\"container\" data-e-type=\"container\">\n\t\t<div class=\"elementor-element elementor-element-7a242fd e-con-full e-flex e-con e-child\" data-id=\"7a242fd\" data-element_type=\"container\" data-e-type=\"container\">\n\t\t\t\t<div class=\"elementor-element elementor-element-c8d4908 elementor-widget__width-initial elementor-invisible elementor-widget elementor-widget-text-editor\" data-id=\"c8d4908\" data-element_type=\"widget\" data-e-type=\"widget\" data-settings=\"{&quot;_animation&quot;:&quot;fadeInLeft&quot;}\" data-widget_type=\"text-editor.default\">\n\t\t\t\t\t\t\t\t\t<ul><li><p data-path-to-node=\"3,0,0\"><b data-path-to-node=\"3,0,0\" data-index-in-node=\"0\">Pensamiento Cr\u00edtico:<\/b> Desarrollar la capacidad de analizar, cuestionar y resolver problemas del entorno de forma l\u00f3gica.<\/p><\/li><li><p data-path-to-node=\"3,1,0\"><b data-path-to-node=\"3,1,0\" data-index-in-node=\"0\">Autonom\u00eda Acad\u00e9mica:<\/b> Fomentar h\u00e1bitos de estudio independientes y responsabilidad en la gesti\u00f3n del tiempo y tareas.<\/p><\/li><li><p data-path-to-node=\"3,2,0\"><b data-path-to-node=\"3,2,0\" data-index-in-node=\"0\">Ciudadan\u00eda \u00c9tica:<\/b> Fortalecer la pr\u00e1ctica de valores, el respeto a la diversidad y el compromiso social dentro de la comunidad.<\/p><\/li><\/ul>\t\t\t\t\t\t\t\t<\/div>\n\t\t\t\t<\/div>\n\t\t<div class=\"elementor-element elementor-element-7efede7 e-con-full e-flex e-con e-child\" data-id=\"7efede7\" data-element_type=\"container\" data-e-type=\"container\">\n\t\t\t\t<div class=\"elementor-element elementor-element-c9096aa elementor-widget__width-initial elementor-invisible elementor-widget elementor-widget-text-editor\" data-id=\"c9096aa\" data-element_type=\"widget\" data-e-type=\"widget\" data-settings=\"{&quot;_animation&quot;:&quot;fadeInRight&quot;}\" data-widget_type=\"text-editor.default\">\n\t\t\t\t\t\t\t\t\t<p data-path-to-node=\"6\"><b data-path-to-node=\"6\" data-index-in-node=\"0\">\u00c1rea Cient\u00edfico-Matem\u00e1tica:<\/b><\/p><ul data-path-to-node=\"7\"><li><p data-path-to-node=\"7,0,0\">Fortalecimiento del razonamiento num\u00e9rico y resoluci\u00f3n de problemas complejos.<\/p><\/li><li><p data-path-to-node=\"7,1,0\">Introducci\u00f3n al m\u00e9todo cient\u00edfico mediante pr\u00e1cticas de laboratorio y observaci\u00f3n.<\/p><\/li><\/ul><p data-path-to-node=\"8\"><b data-path-to-node=\"8\" data-index-in-node=\"0\">\u00c1rea de Lenguaje y Comunicaci\u00f3n:<\/b><\/p><ul data-path-to-node=\"9\"><li><p data-path-to-node=\"9,0,0\">Desarrollo de habilidades de debate, oratoria y redacci\u00f3n acad\u00e9mica.<\/p><\/li><li><p data-path-to-node=\"9,1,0\">An\u00e1lisis literario y fomento del h\u00e1bito lector cr\u00edtico.<\/p><\/li><\/ul><p data-path-to-node=\"12\"><b data-path-to-node=\"12\" data-index-in-node=\"0\">\u00c1rea de Desarrollo Humano:<\/b><\/p><ul data-path-to-node=\"13\"><li><p data-path-to-node=\"13,0,0\">Orientaci\u00f3n estudiantil enfocada en la inteligencia emocional y la convivencia arm\u00f3nica.<\/p><\/li><li><p data-path-to-node=\"13,1,0\">Proyectos de vinculaci\u00f3n con la comunidad de San Antonio de Cumbe.<\/p><\/li><\/ul>\t\t\t\t\t\t\t\t<\/div>\n\t\t\t\t<\/div>\n\t\t\t\t<\/div>\n\t\t<div class=\"elementor-element elementor-element-e89a9f1 e-flex e-con-boxed e-con e-parent\" data-id=\"e89a9f1\" data-element_type=\"container\" data-e-type=\"container\">\n\t\t\t\t\t<div class=\"e-con-inner\">\n\t\t\t\t<div class=\"elementor-element elementor-element-5246b8b elementor-widget-divider--view-line elementor-widget elementor-widget-divider\" data-id=\"5246b8b\" data-element_type=\"widget\" data-e-type=\"widget\" data-widget_type=\"divider.default\">\n\t\t\t\t\t\t\t<div class=\"elementor-divider\">\n\t\t\t<span class=\"elementor-divider-separator\">\n\t\t\t\t\t\t<\/span>\n\t\t<\/div>\n\t\t\t\t\t\t<\/div>\n\t\t\t\t\t<\/div>\n\t\t\t\t<\/div>\n\t\t<div class=\"elementor-element elementor-element-afe371d e-con-full e-flex e-con e-parent\" data-id=\"afe371d\" data-element_type=\"container\" data-e-type=\"container\">\n\t\t\t\t<div class=\"elementor-element elementor-element-c4d63a3 elementor-invisible elementor-widget elementor-widget-heading\" data-id=\"c4d63a3\" data-element_type=\"widget\" data-e-type=\"widget\" data-settings=\"{&quot;_animation&quot;:&quot;zoomIn&quot;}\" data-widget_type=\"heading.default\">\n\t\t\t\t\t<h2 class=\"elementor-heading-title elementor-size-default\">Metodolog\u00eda Educactiva \ud83e\udd13<\/h2>\t\t\t\t<\/div>\n\t\t\t\t<\/div>\n\t\t<div class=\"elementor-element elementor-element-70d3bc8 e-con-full e-flex e-con e-parent\" data-id=\"70d3bc8\" data-element_type=\"container\" data-e-type=\"container\">\n\t\t<div class=\"elementor-element elementor-element-afa4e41 e-con-full e-flex e-con e-child\" data-id=\"afa4e41\" data-element_type=\"container\" data-e-type=\"container\">\n\t\t\t\t<div class=\"elementor-element elementor-element-0b7b195 elementor-widget__width-initial elementor-invisible elementor-widget elementor-widget-text-editor\" data-id=\"0b7b195\" data-element_type=\"widget\" data-e-type=\"widget\" data-settings=\"{&quot;_animation&quot;:&quot;fadeInLeft&quot;}\" data-widget_type=\"text-editor.default\">\n\t\t\t\t\t\t\t\t\t<p data-path-to-node=\"2\">Nuestra ense\u00f1anza se basa en el Aprendizaje Basado en Proyectos (ABP), donde el estudiante investiga y resuelve problemas reales. Fomentamos el pensamiento cr\u00edtico y el trabajo colaborativo, integrando herramientas tecnol\u00f3gicas para que los j\u00f3venes transformen la teor\u00eda en soluciones pr\u00e1cticas para su comunidad.<\/p>\t\t\t\t\t\t\t\t<\/div>\n\t\t\t\t<\/div>\n\t\t<div class=\"elementor-element elementor-element-dfe5dab e-con-full e-flex e-con e-child\" data-id=\"dfe5dab\" data-element_type=\"container\" data-e-type=\"container\">\n\t\t\t\t<div class=\"elementor-element elementor-element-1c036fc elementor-widget__width-initial elementor-invisible elementor-widget elementor-widget-image\" data-id=\"1c036fc\" data-element_type=\"widget\" data-e-type=\"widget\" data-settings=\"{&quot;_animation&quot;:&quot;fadeInRight&quot;}\" data-widget_type=\"image.default\">\n\t\t\t\t\t\t\t\t\t\t\t\t\t\t\t<img loading=\"lazy\" decoding=\"async\" width=\"1024\" height=\"768\" src=\"https:\/\/www.uefsanantonio.com\/wp-content\/uploads\/2026\/03\/8-1024x768.jpg\" class=\"elementor-animation-shrink attachment-large size-large wp-image-69\" alt=\"\" srcset=\"https:\/\/www.uefsanantonio.com\/wp-content\/uploads\/2026\/03\/8-1024x768.jpg 1024w, https:\/\/www.uefsanantonio.com\/wp-content\/uploads\/2026\/03\/8-300x225.jpg 300w, https:\/\/www.uefsanantonio.com\/wp-content\/uploads\/2026\/03\/8-768x576.jpg 768w, https:\/\/www.uefsanantonio.com\/wp-content\/uploads\/2026\/03\/8-1536x1152.jpg 1536w, https:\/\/www.uefsanantonio.com\/wp-content\/uploads\/2026\/03\/8.jpg 2048w\" sizes=\"(max-width: 1024px) 100vw, 1024px\" \/>\t\t\t\t\t\t\t\t\t\t\t\t\t\t\t<\/div>\n\t\t\t\t<\/div>\n\t\t\t\t<\/div>\n\t\t<div class=\"elementor-element elementor-element-6b00d05 e-flex e-con-boxed e-con e-parent\" data-id=\"6b00d05\" data-element_type=\"container\" data-e-type=\"container\">\n\t\t\t\t\t<div class=\"e-con-inner\">\n\t\t\t\t<div class=\"elementor-element elementor-element-1b9da1f elementor-widget-divider--view-line elementor-widget elementor-widget-divider\" data-id=\"1b9da1f\" data-element_type=\"widget\" data-e-type=\"widget\" data-widget_type=\"divider.default\">\n\t\t\t\t\t\t\t<div class=\"elementor-divider\">\n\t\t\t<span class=\"elementor-divider-separator\">\n\t\t\t\t\t\t<\/span>\n\t\t<\/div>\n\t\t\t\t\t\t<\/div>\n\t\t\t\t\t<\/div>\n\t\t\t\t<\/div>\n\t\t<div class=\"elementor-element elementor-element-e71be70 e-flex e-con-boxed e-con e-parent\" data-id=\"e71be70\" data-element_type=\"container\" data-e-type=\"container\">\n\t\t\t\t\t<div class=\"e-con-inner\">\n\t\t\t\t<div class=\"elementor-element elementor-element-cb1809d elementor-arrows-position-inside elementor-pagination-position-outside elementor-invisible elementor-widget elementor-widget-image-carousel\" data-id=\"cb1809d\" data-element_type=\"widget\" data-e-type=\"widget\" data-settings=\"{&quot;_animation&quot;:&quot;fadeInUp&quot;,&quot;navigation&quot;:&quot;both&quot;,&quot;autoplay&quot;:&quot;yes&quot;,&quot;pause_on_hover&quot;:&quot;yes&quot;,&quot;pause_on_interaction&quot;:&quot;yes&quot;,&quot;autoplay_speed&quot;:5000,&quot;infinite&quot;:&quot;yes&quot;,&quot;speed&quot;:500}\" data-widget_type=\"image-carousel.default\">\n\t\t\t\t\t\t\t<div class=\"elementor-image-carousel-wrapper swiper\" role=\"region\" aria-roledescription=\"carousel\" aria-label=\"Carrusel de im\u00e1genes\" dir=\"ltr\">\n\t\t\t<div class=\"elementor-image-carousel swiper-wrapper\" aria-live=\"off\">\n\t\t\t\t\t\t\t\t<div class=\"swiper-slide\" role=\"group\" aria-roledescription=\"slide\" aria-label=\"1 de 4\"><figure class=\"swiper-slide-inner\"><img decoding=\"async\" class=\"swiper-slide-image\" src=\"https:\/\/www.uefsanantonio.com\/wp-content\/uploads\/2026\/03\/ll-150x150.webp\" alt=\"ll\" \/><\/figure><\/div><div class=\"swiper-slide\" role=\"group\" aria-roledescription=\"slide\" aria-label=\"2 de 4\"><figure class=\"swiper-slide-inner\"><img decoding=\"async\" class=\"swiper-slide-image\" src=\"https:\/\/www.uefsanantonio.com\/wp-content\/uploads\/2026\/03\/9-150x150.jpg\" alt=\"9\" \/><\/figure><\/div><div class=\"swiper-slide\" role=\"group\" aria-roledescription=\"slide\" aria-label=\"3 de 4\"><figure class=\"swiper-slide-inner\"><img decoding=\"async\" class=\"swiper-slide-image\" src=\"https:\/\/www.uefsanantonio.com\/wp-content\/uploads\/2026\/03\/biblio-150x150.jpg\" alt=\"biblio\" \/><\/figure><\/div><div class=\"swiper-slide\" role=\"group\" aria-roledescription=\"slide\" aria-label=\"4 de 4\"><figure class=\"swiper-slide-inner\"><img decoding=\"async\" class=\"swiper-slide-image\" src=\"https:\/\/www.uefsanantonio.com\/wp-content\/uploads\/2026\/03\/7-150x150.jpg\" alt=\"7\" \/><\/figure><\/div>\t\t\t<\/div>\n\t\t\t\t\t\t\t\t\t\t\t\t<div class=\"elementor-swiper-button elementor-swiper-button-prev\" role=\"button\" tabindex=\"0\">\n\t\t\t\t\t\t<svg aria-hidden=\"true\" class=\"e-font-icon-svg e-eicon-chevron-left\" viewBox=\"0 0 1000 1000\" xmlns=\"http:\/\/www.w3.org\/2000\/svg\"><path d=\"M646 125C629 125 613 133 604 142L308 442C296 454 292 471 292 487 292 504 296 521 308 533L604 854C617 867 629 875 646 875 663 875 679 871 692 858 704 846 713 829 713 812 713 796 708 779 692 767L438 487 692 225C700 217 708 204 708 187 708 171 704 154 692 142 675 129 663 125 646 125Z\"><\/path><\/svg>\t\t\t\t\t<\/div>\n\t\t\t\t\t<div class=\"elementor-swiper-button elementor-swiper-button-next\" role=\"button\" tabindex=\"0\">\n\t\t\t\t\t\t<svg aria-hidden=\"true\" class=\"e-font-icon-svg e-eicon-chevron-right\" viewBox=\"0 0 1000 1000\" xmlns=\"http:\/\/www.w3.org\/2000\/svg\"><path d=\"M696 533C708 521 713 504 713 487 713 471 708 454 696 446L400 146C388 133 375 125 354 125 338 125 325 129 313 142 300 154 292 171 292 187 292 204 296 221 308 233L563 492 304 771C292 783 288 800 288 817 288 833 296 850 308 863 321 871 338 875 354 875 371 875 388 867 400 854L696 533Z\"><\/path><\/svg>\t\t\t\t\t<\/div>\n\t\t\t\t\n\t\t\t\t\t\t\t\t\t<div class=\"swiper-pagination\"><\/div>\n\t\t\t\t\t\t\t\t\t<\/div>\n\t\t\t\t\t\t<\/div>\n\t\t\t\t\t<\/div>\n\t\t\t\t<\/div>\n\t\t<div class=\"elementor-element elementor-element-5dfe983 e-flex e-con-boxed e-con e-parent\" data-id=\"5dfe983\" data-element_type=\"container\" data-e-type=\"container\">\n\t\t\t\t\t<div class=\"e-con-inner\">\n\t\t\t\t<div class=\"elementor-element elementor-element-0873744 elementor-widget-divider--view-line elementor-widget elementor-widget-divider\" data-id=\"0873744\" data-element_type=\"widget\" data-e-type=\"widget\" data-widget_type=\"divider.default\">\n\t\t\t\t\t\t\t<div class=\"elementor-divider\">\n\t\t\t<span class=\"elementor-divider-separator\">\n\t\t\t\t\t\t<\/span>\n\t\t<\/div>\n\t\t\t\t\t\t<\/div>\n\t\t\t\t\t<\/div>\n\t\t\t\t<\/div>\n\t\t\t\t<\/div>\n\t\t","protected":false},"excerpt":{"rendered":"<p>En la Unidad Educativa Fiscal San Antonio de Cumbe, el nivel de Educaci\u00f3n Media es una etapa de transformaci\u00f3n. Nos enfocamos en guiar a nuestros adolescentes para que dejen de ser receptores de informaci\u00f3n y se conviertan en protagonistas de su propio aprendizaje, desarrollando un pensamiento cr\u00edtico y una identidad s\u00f3lida. Objetivos Educativos &#x1f9d1;&#x1f3fb;&#x200d;&#x1f3eb; Estructura [&hellip;]<\/p>\n","protected":false},"author":1,"featured_media":0,"parent":0,"menu_order":0,"comment_status":"closed","ping_status":"closed","template":"","meta":{"footnotes":""},"class_list":["post-500","page","type-page","status-publish","hentry"],"_links":{"self":[{"href":"https:\/\/www.uefsanantonio.com\/index.php?rest_route=\/wp\/v2\/pages\/500","targetHints":{"allow":["GET"]}}],"collection":[{"href":"https:\/\/www.uefsanantonio.com\/index.php?rest_route=\/wp\/v2\/pages"}],"about":[{"href":"https:\/\/www.uefsanantonio.com\/index.php?rest_route=\/wp\/v2\/types\/page"}],"author":[{"embeddable":true,"href":"https:\/\/www.uefsanantonio.com\/index.php?rest_route=\/wp\/v2\/users\/1"}],"replies":[{"embeddable":true,"href":"https:\/\/www.uefsanantonio.com\/index.php?rest_route=%2Fwp%2Fv2%2Fcomments&post=500"}],"version-history":[{"count":172,"href":"https:\/\/www.uefsanantonio.com\/index.php?rest_route=\/wp\/v2\/pages\/500\/revisions"}],"predecessor-version":[{"id":2769,"href":"https:\/\/www.uefsanantonio.com\/index.php?rest_route=\/wp\/v2\/pages\/500\/revisions\/2769"}],"wp:attachment":[{"href":"https:\/\/www.uefsanantonio.com\/index.php?rest_route=%2Fwp%2Fv2%2Fmedia&parent=500"}],"curies":[{"name":"wp","href":"https:\/\/api.w.org\/{rel}","templated":true}]}}