{"id":501,"date":"2026-03-14T00:32:06","date_gmt":"2026-03-14T00:32:06","guid":{"rendered":"https:\/\/www.uefsanantonio.com\/?page_id=501"},"modified":"2026-04-06T15:57:17","modified_gmt":"2026-04-06T15:57:17","slug":"basica-superior","status":"publish","type":"page","link":"https:\/\/www.uefsanantonio.com\/?page_id=501","title":{"rendered":"B\u00e1sica Superior"},"content":{"rendered":"\t\t<div data-elementor-type=\"wp-page\" data-elementor-id=\"501\" class=\"elementor elementor-501\">\n\t\t\t\t<div class=\"elementor-element elementor-element-8d0cfd1 e-flex e-con-boxed e-con e-parent\" data-id=\"8d0cfd1\" data-element_type=\"container\" data-e-type=\"container\">\n\t\t\t\t\t<div class=\"e-con-inner\">\n\t\t\t\t<div class=\"elementor-element elementor-element-b635cd6 elementor-invisible elementor-widget elementor-widget-image\" data-id=\"b635cd6\" data-element_type=\"widget\" data-e-type=\"widget\" data-settings=\"{&quot;_animation&quot;:&quot;fadeInDown&quot;}\" data-widget_type=\"image.default\">\n\t\t\t\t\t\t\t\t\t\t\t\t\t\t\t<img fetchpriority=\"high\" decoding=\"async\" width=\"1024\" height=\"102\" src=\"https:\/\/www.uefsanantonio.com\/wp-content\/uploads\/2026\/03\/basicaSuperior-1-1024x102.png\" class=\"attachment-large size-large wp-image-1277\" alt=\"\" srcset=\"https:\/\/www.uefsanantonio.com\/wp-content\/uploads\/2026\/03\/basicaSuperior-1-1024x102.png 1024w, https:\/\/www.uefsanantonio.com\/wp-content\/uploads\/2026\/03\/basicaSuperior-1-300x30.png 300w, https:\/\/www.uefsanantonio.com\/wp-content\/uploads\/2026\/03\/basicaSuperior-1-768x77.png 768w, https:\/\/www.uefsanantonio.com\/wp-content\/uploads\/2026\/03\/basicaSuperior-1.png 1500w\" sizes=\"(max-width: 1024px) 100vw, 1024px\" \/>\t\t\t\t\t\t\t\t\t\t\t\t\t\t\t<\/div>\n\t\t\t\t\t<\/div>\n\t\t\t\t<\/div>\n\t\t<div class=\"elementor-element elementor-element-329e597 e-flex e-con-boxed e-con e-parent\" data-id=\"329e597\" data-element_type=\"container\" data-e-type=\"container\">\n\t\t\t\t\t<div class=\"e-con-inner\">\n\t\t\t\t<div class=\"elementor-element elementor-element-3954710 elementor-widget-divider--view-line elementor-widget elementor-widget-divider\" data-id=\"3954710\" data-element_type=\"widget\" data-e-type=\"widget\" data-widget_type=\"divider.default\">\n\t\t\t\t\t\t\t<div class=\"elementor-divider\">\n\t\t\t<span class=\"elementor-divider-separator\">\n\t\t\t\t\t\t<\/span>\n\t\t<\/div>\n\t\t\t\t\t\t<\/div>\n\t\t\t\t\t<\/div>\n\t\t\t\t<\/div>\n\t\t<div class=\"elementor-element elementor-element-7e955b5 e-con-full e-flex e-con e-parent\" data-id=\"7e955b5\" data-element_type=\"container\" data-e-type=\"container\">\n\t\t\t\t<div class=\"elementor-element elementor-element-336d3ec elementor-invisible elementor-widget elementor-widget-heading\" data-id=\"336d3ec\" data-element_type=\"widget\" data-e-type=\"widget\" data-settings=\"{&quot;_animation&quot;:&quot;lightSpeedIn&quot;}\" data-widget_type=\"heading.default\">\n\t\t\t\t\t<h2 class=\"elementor-heading-title elementor-size-default\">Objetivo Principal \ud83c\udfaf<\/h2>\t\t\t\t<\/div>\n\t\t\t\t<\/div>\n\t\t<div class=\"elementor-element elementor-element-5b61d14 e-con-full e-flex elementor-invisible e-con e-parent\" data-id=\"5b61d14\" data-element_type=\"container\" data-e-type=\"container\" data-settings=\"{&quot;animation&quot;:&quot;fadeInLeft&quot;}\">\n\t\t\t\t<div class=\"elementor-element elementor-element-25cccef elementor-widget__width-initial elementor-widget elementor-widget-text-editor\" data-id=\"25cccef\" data-element_type=\"widget\" data-e-type=\"widget\" data-widget_type=\"text-editor.default\">\n\t\t\t\t\t\t\t\t\t<blockquote data-path-to-node=\"2\"><p data-path-to-node=\"2,0\">Formar j\u00f3venes con pensamiento cr\u00edtico, autonom\u00eda y valores s\u00f3lidos, capaces de investigar su entorno y proponer soluciones innovadoras, asegurando una transici\u00f3n exitosa hacia el Bachillerato y la vida ciudadana.<\/p><\/blockquote>\t\t\t\t\t\t\t\t<\/div>\n\t\t\t\t<\/div>\n\t\t<div class=\"elementor-element elementor-element-2f72fc5 e-flex e-con-boxed e-con e-parent\" data-id=\"2f72fc5\" data-element_type=\"container\" data-e-type=\"container\">\n\t\t\t\t\t<div class=\"e-con-inner\">\n\t\t\t\t<div class=\"elementor-element elementor-element-a7ddd7b elementor-widget-divider--view-line elementor-widget elementor-widget-divider\" data-id=\"a7ddd7b\" data-element_type=\"widget\" data-e-type=\"widget\" data-widget_type=\"divider.default\">\n\t\t\t\t\t\t\t<div class=\"elementor-divider\">\n\t\t\t<span class=\"elementor-divider-separator\">\n\t\t\t\t\t\t<\/span>\n\t\t<\/div>\n\t\t\t\t\t\t<\/div>\n\t\t\t\t\t<\/div>\n\t\t\t\t<\/div>\n\t\t<div class=\"elementor-element elementor-element-4c09ef5 e-con-full e-flex e-con e-parent\" data-id=\"4c09ef5\" data-element_type=\"container\" data-e-type=\"container\">\n\t\t\t\t<div class=\"elementor-element elementor-element-ef1ee7d elementor-invisible elementor-widget elementor-widget-heading\" data-id=\"ef1ee7d\" data-element_type=\"widget\" data-e-type=\"widget\" data-settings=\"{&quot;_animation&quot;:&quot;fadeInLeft&quot;}\" data-widget_type=\"heading.default\">\n\t\t\t\t\t<h2 class=\"elementor-heading-title elementor-size-default\">\u00c1reas de Ense\u00f1anza \ud83d\udc69\ud83c\udffd\u200d\ud83c\udfeb<\/h2>\t\t\t\t<\/div>\n\t\t\t\t<\/div>\n\t\t<div class=\"elementor-element elementor-element-f78c40a e-con-full e-flex e-con e-parent\" data-id=\"f78c40a\" data-element_type=\"container\" data-e-type=\"container\">\n\t\t<div class=\"elementor-element elementor-element-d5c8d18 e-con-full e-flex e-con e-child\" data-id=\"d5c8d18\" data-element_type=\"container\" data-e-type=\"container\">\n\t\t\t\t<div class=\"elementor-element elementor-element-4cc1251 elementor-widget__width-initial elementor-invisible elementor-widget elementor-widget-text-editor\" data-id=\"4cc1251\" data-element_type=\"widget\" data-e-type=\"widget\" data-settings=\"{&quot;_animation&quot;:&quot;fadeInLeft&quot;}\" data-widget_type=\"text-editor.default\">\n\t\t\t\t\t\t\t\t\t<ul data-path-to-node=\"4\"><li><p data-path-to-node=\"4,0,0\"><b data-path-to-node=\"4,0,0\" data-index-in-node=\"0\">Lengua y Literatura:<\/b> Enfoque en la comprensi\u00f3n lectora, la oratoria y la escritura\u00a0 como bases de la comunicaci\u00f3n.<\/p><\/li><li><p data-path-to-node=\"4,1,0\"><b data-path-to-node=\"4,1,0\" data-index-in-node=\"0\">Matem\u00e1tica:<\/b> Desarrollo del razonamiento l\u00f3gico, resoluci\u00f3n de problemas y pensamiento anal\u00edtico.<\/p><\/li><li><p data-path-to-node=\"4,2,0\"><b data-path-to-node=\"4,2,0\" data-index-in-node=\"0\">Ciencias Naturales:<\/b> Exploraci\u00f3n del entorno biol\u00f3gico, f\u00edsico y qu\u00edmico a trav\u00e9s de la observaci\u00f3n y la experimentaci\u00f3n.<\/p><\/li><li><p data-path-to-node=\"4,3,0\"><b data-path-to-node=\"4,3,0\" data-index-in-node=\"0\">Ciencias Sociales:<\/b> Formaci\u00f3n ciudadana, historia y geograf\u00eda para comprender nuestra identidad y sociedad.<\/p><\/li><li><p data-path-to-node=\"6,0,0\"><b data-path-to-node=\"6,0,0\" data-index-in-node=\"0\">Educaci\u00f3n Cultural y Art\u00edstica (ECA):<\/b> Espacio para la creatividad, la m\u00fasica y las artes pl\u00e1sticas.<\/p><\/li><li><p data-path-to-node=\"6,1,0\"><b data-path-to-node=\"6,1,0\" data-index-in-node=\"0\">Educaci\u00f3n F\u00edsica:<\/b> Deporte y el trabajo en equipo desde edades tempranas.<\/p><\/li><li><p data-path-to-node=\"6,2,0\"><b data-path-to-node=\"6,2,0\" data-index-in-node=\"0\">Ingl\u00e9s:<\/b> Introducci\u00f3n y fortalecimiento de una segunda lengua para un mundo globalizado.<\/p><\/li><\/ul>\t\t\t\t\t\t\t\t<\/div>\n\t\t\t\t<\/div>\n\t\t<div class=\"elementor-element elementor-element-2925729 e-con-full e-flex e-con e-child\" data-id=\"2925729\" data-element_type=\"container\" data-e-type=\"container\">\n\t\t\t\t<div class=\"elementor-element elementor-element-ad20f34 elementor-widget__width-initial elementor-invisible elementor-widget elementor-widget-image\" data-id=\"ad20f34\" data-element_type=\"widget\" data-e-type=\"widget\" data-settings=\"{&quot;_animation&quot;:&quot;fadeInRight&quot;}\" data-widget_type=\"image.default\">\n\t\t\t\t\t\t\t\t\t\t\t\t\t\t\t<img decoding=\"async\" width=\"740\" height=\"736\" src=\"https:\/\/www.uefsanantonio.com\/wp-content\/uploads\/2026\/03\/metodo.avif\" class=\"elementor-animation-shrink attachment-large size-large wp-image-2213\" alt=\"\" srcset=\"https:\/\/www.uefsanantonio.com\/wp-content\/uploads\/2026\/03\/metodo.avif 740w, https:\/\/www.uefsanantonio.com\/wp-content\/uploads\/2026\/03\/metodo-300x298.avif 300w, https:\/\/www.uefsanantonio.com\/wp-content\/uploads\/2026\/03\/metodo-150x150.avif 150w\" sizes=\"(max-width: 740px) 100vw, 740px\" \/>\t\t\t\t\t\t\t\t\t\t\t\t\t\t\t<\/div>\n\t\t\t\t<\/div>\n\t\t\t\t<\/div>\n\t\t<div class=\"elementor-element elementor-element-d54c276 e-flex e-con-boxed e-con e-parent\" data-id=\"d54c276\" data-element_type=\"container\" data-e-type=\"container\">\n\t\t\t\t\t<div class=\"e-con-inner\">\n\t\t\t\t<div class=\"elementor-element elementor-element-ab574f3 elementor-widget-divider--view-line elementor-widget elementor-widget-divider\" data-id=\"ab574f3\" data-element_type=\"widget\" data-e-type=\"widget\" data-widget_type=\"divider.default\">\n\t\t\t\t\t\t\t<div class=\"elementor-divider\">\n\t\t\t<span class=\"elementor-divider-separator\">\n\t\t\t\t\t\t<\/span>\n\t\t<\/div>\n\t\t\t\t\t\t<\/div>\n\t\t\t\t\t<\/div>\n\t\t\t\t<\/div>\n\t\t<div class=\"elementor-element elementor-element-8298596 e-con-full e-flex e-con e-parent\" data-id=\"8298596\" data-element_type=\"container\" data-e-type=\"container\">\n\t\t\t\t<div class=\"elementor-element elementor-element-ccb09e1 elementor-invisible elementor-widget elementor-widget-heading\" data-id=\"ccb09e1\" data-element_type=\"widget\" data-e-type=\"widget\" data-settings=\"{&quot;_animation&quot;:&quot;lightSpeedIn&quot;}\" data-widget_type=\"heading.default\">\n\t\t\t\t\t<h2 class=\"elementor-heading-title elementor-size-default\">Metodolog\u00eda de Ense\u00f1anza \ud83d\udd0d<\/h2>\t\t\t\t<\/div>\n\t\t\t\t<\/div>\n\t\t<div class=\"elementor-element elementor-element-64cff0d e-con-full e-flex e-con e-parent\" data-id=\"64cff0d\" data-element_type=\"container\" data-e-type=\"container\">\n\t\t<div class=\"elementor-element elementor-element-4952bf6 e-con-full e-flex e-con e-child\" data-id=\"4952bf6\" data-element_type=\"container\" data-e-type=\"container\">\n\t\t\t\t<div class=\"elementor-element elementor-element-0e8bbd5 elementor-widget__width-initial elementor-invisible elementor-widget elementor-widget-image\" data-id=\"0e8bbd5\" data-element_type=\"widget\" data-e-type=\"widget\" data-settings=\"{&quot;_animation&quot;:&quot;fadeInLeft&quot;}\" data-widget_type=\"image.default\">\n\t\t\t\t\t\t\t\t\t\t\t\t\t\t\t<img decoding=\"async\" width=\"1024\" height=\"768\" src=\"https:\/\/www.uefsanantonio.com\/wp-content\/uploads\/2026\/03\/9-1024x768.jpg\" class=\"elementor-animation-shrink attachment-large size-large wp-image-71\" alt=\"\" srcset=\"https:\/\/www.uefsanantonio.com\/wp-content\/uploads\/2026\/03\/9-1024x768.jpg 1024w, https:\/\/www.uefsanantonio.com\/wp-content\/uploads\/2026\/03\/9-300x225.jpg 300w, https:\/\/www.uefsanantonio.com\/wp-content\/uploads\/2026\/03\/9-768x576.jpg 768w, https:\/\/www.uefsanantonio.com\/wp-content\/uploads\/2026\/03\/9-1536x1152.jpg 1536w, https:\/\/www.uefsanantonio.com\/wp-content\/uploads\/2026\/03\/9.jpg 1600w\" sizes=\"(max-width: 1024px) 100vw, 1024px\" \/>\t\t\t\t\t\t\t\t\t\t\t\t\t\t\t<\/div>\n\t\t\t\t<\/div>\n\t\t<div class=\"elementor-element elementor-element-d4fb136 e-con-full e-flex e-con e-child\" data-id=\"d4fb136\" data-element_type=\"container\" data-e-type=\"container\">\n\t\t\t\t<div class=\"elementor-element elementor-element-68bdb89 elementor-widget__width-initial elementor-invisible elementor-widget elementor-widget-text-editor\" data-id=\"68bdb89\" data-element_type=\"widget\" data-e-type=\"widget\" data-settings=\"{&quot;_animation&quot;:&quot;fadeInRight&quot;}\" data-widget_type=\"text-editor.default\">\n\t\t\t\t\t\t\t\t\t<p data-path-to-node=\"11\">Implementamos el Aprendizaje Basado en Investigaci\u00f3n (ABI). Los estudiantes dejan de ser receptores pasivos para convertirse en investigadores. A trav\u00e9s de debates, laboratorios y el uso de TIC, vinculamos la teor\u00eda acad\u00e9mica con la realidad social, preparando el camino hacia un Bachillerato exitoso.<\/p>\t\t\t\t\t\t\t\t<\/div>\n\t\t\t\t<\/div>\n\t\t\t\t<\/div>\n\t\t<div class=\"elementor-element elementor-element-a4d7e74 e-flex e-con-boxed e-con e-parent\" data-id=\"a4d7e74\" data-element_type=\"container\" data-e-type=\"container\">\n\t\t\t\t\t<div class=\"e-con-inner\">\n\t\t\t\t<div class=\"elementor-element elementor-element-89543cd elementor-widget-divider--view-line elementor-widget elementor-widget-divider\" data-id=\"89543cd\" data-element_type=\"widget\" data-e-type=\"widget\" data-widget_type=\"divider.default\">\n\t\t\t\t\t\t\t<div class=\"elementor-divider\">\n\t\t\t<span class=\"elementor-divider-separator\">\n\t\t\t\t\t\t<\/span>\n\t\t<\/div>\n\t\t\t\t\t\t<\/div>\n\t\t\t\t\t<\/div>\n\t\t\t\t<\/div>\n\t\t<div class=\"elementor-element elementor-element-bf9302b e-flex e-con-boxed e-con e-parent\" data-id=\"bf9302b\" data-element_type=\"container\" data-e-type=\"container\">\n\t\t\t\t\t<div class=\"e-con-inner\">\n\t\t<div class=\"elementor-element elementor-element-39e0cdd e-con-full e-flex e-con e-child\" data-id=\"39e0cdd\" data-element_type=\"container\" data-e-type=\"container\">\n\t\t\t\t<div class=\"elementor-element elementor-element-dd764bc elementor-invisible elementor-widget elementor-widget-image\" data-id=\"dd764bc\" data-element_type=\"widget\" data-e-type=\"widget\" data-settings=\"{&quot;_animation&quot;:&quot;fadeInLeft&quot;}\" data-widget_type=\"image.default\">\n\t\t\t\t\t\t\t\t\t\t\t\t\t\t\t<img loading=\"lazy\" decoding=\"async\" width=\"673\" height=\"448\" src=\"https:\/\/www.uefsanantonio.com\/wp-content\/uploads\/2026\/03\/orientaconV-1.jpg\" class=\"elementor-animation-shrink attachment-large size-large wp-image-1325\" alt=\"\" srcset=\"https:\/\/www.uefsanantonio.com\/wp-content\/uploads\/2026\/03\/orientaconV-1.jpg 673w, https:\/\/www.uefsanantonio.com\/wp-content\/uploads\/2026\/03\/orientaconV-1-300x200.jpg 300w\" sizes=\"(max-width: 673px) 100vw, 673px\" \/>\t\t\t\t\t\t\t\t\t\t\t\t\t\t\t<\/div>\n\t\t\t\t<\/div>\n\t\t<div class=\"elementor-element elementor-element-4756155 e-con-full e-flex e-con e-child\" data-id=\"4756155\" data-element_type=\"container\" data-e-type=\"container\">\n\t\t\t\t<div class=\"elementor-element elementor-element-659ef5f elementor-invisible elementor-widget elementor-widget-text-editor\" data-id=\"659ef5f\" data-element_type=\"widget\" data-e-type=\"widget\" data-settings=\"{&quot;_animation&quot;:&quot;fadeInRight&quot;}\" data-widget_type=\"text-editor.default\">\n\t\t\t\t\t\t\t\t\t<p data-path-to-node=\"2\">Durante la <b data-path-to-node=\"2\" data-index-in-node=\"11\">Educaci\u00f3n Elemental<\/b>, acompa\u00f1amos a nuestros ni\u00f1os en la consolidaci\u00f3n de sus aprendizajes fundamentales con:<\/p><ul data-path-to-node=\"3\"><li><p data-path-to-node=\"3,0,0\"><b data-path-to-node=\"3,0,0\" data-index-in-node=\"0\">Estimulaci\u00f3n a la lectura:<\/b> Actividades l\u00fadicas que despiertan el amor por los libros y la comprensi\u00f3n del entorno.<\/p><\/li><li><p data-path-to-node=\"3,1,0\"><b data-path-to-node=\"3,1,0\" data-index-in-node=\"0\">Pensamiento pr\u00e1ctico:<\/b> Refuerzo en matem\u00e1ticas b\u00e1sicas mediante el uso de materiales concretos y juegos.<\/p><\/li><li><p data-path-to-node=\"3,2,0\"><b data-path-to-node=\"3,2,0\" data-index-in-node=\"0\">Desarrollo socioemocional:<\/b> Tutor\u00edas enfocadas en la convivencia, los valores y el manejo de emociones.<\/p><\/li><\/ul><p data-path-to-node=\"4\">En nuestra instituci\u00f3n, la <b data-path-to-node=\"4\" data-index-in-node=\"27\">Educaci\u00f3n Elemental<\/b> es el cimiento de la vida escolar; una etapa para cultivar la curiosidad, la seguridad en s\u00ed mismos y el deseo de descubrir el mundo.<\/p>\t\t\t\t\t\t\t\t<\/div>\n\t\t\t\t<\/div>\n\t\t\t\t\t<\/div>\n\t\t\t\t<\/div>\n\t\t<div class=\"elementor-element elementor-element-3c8921c e-flex e-con-boxed e-con e-parent\" data-id=\"3c8921c\" data-element_type=\"container\" data-e-type=\"container\">\n\t\t\t\t\t<div class=\"e-con-inner\">\n\t\t\t\t<div class=\"elementor-element elementor-element-54e8529 elementor-widget-divider--view-line elementor-widget elementor-widget-divider\" data-id=\"54e8529\" data-element_type=\"widget\" data-e-type=\"widget\" data-widget_type=\"divider.default\">\n\t\t\t\t\t\t\t<div class=\"elementor-divider\">\n\t\t\t<span class=\"elementor-divider-separator\">\n\t\t\t\t\t\t<\/span>\n\t\t<\/div>\n\t\t\t\t\t\t<\/div>\n\t\t\t\t\t<\/div>\n\t\t\t\t<\/div>\n\t\t<div class=\"elementor-element elementor-element-4b62487 e-con-full e-flex e-con e-parent\" data-id=\"4b62487\" data-element_type=\"container\" data-e-type=\"container\">\n\t\t\t\t<div class=\"elementor-element elementor-element-fb6d91d elementor-arrows-position-inside elementor-pagination-position-outside elementor-invisible elementor-widget elementor-widget-image-carousel\" data-id=\"fb6d91d\" data-element_type=\"widget\" data-e-type=\"widget\" data-settings=\"{&quot;_animation&quot;:&quot;fadeInUp&quot;,&quot;navigation&quot;:&quot;both&quot;,&quot;autoplay&quot;:&quot;yes&quot;,&quot;pause_on_hover&quot;:&quot;yes&quot;,&quot;pause_on_interaction&quot;:&quot;yes&quot;,&quot;autoplay_speed&quot;:5000,&quot;infinite&quot;:&quot;yes&quot;,&quot;speed&quot;:500}\" data-widget_type=\"image-carousel.default\">\n\t\t\t\t\t\t\t<div class=\"elementor-image-carousel-wrapper swiper\" role=\"region\" aria-roledescription=\"carousel\" aria-label=\"Carrusel de im\u00e1genes\" dir=\"ltr\">\n\t\t\t<div class=\"elementor-image-carousel swiper-wrapper\" aria-live=\"off\">\n\t\t\t\t\t\t\t\t<div class=\"swiper-slide\" role=\"group\" aria-roledescription=\"slide\" aria-label=\"1 de 4\"><figure class=\"swiper-slide-inner\"><img decoding=\"async\" class=\"swiper-slide-image\" src=\"https:\/\/www.uefsanantonio.com\/wp-content\/uploads\/2026\/03\/10-150x150.jpg\" alt=\"10\" \/><\/figure><\/div><div class=\"swiper-slide\" role=\"group\" aria-roledescription=\"slide\" aria-label=\"2 de 4\"><figure class=\"swiper-slide-inner\"><img decoding=\"async\" class=\"swiper-slide-image\" src=\"https:\/\/www.uefsanantonio.com\/wp-content\/uploads\/2026\/03\/cropped-7-150x150.jpg\" alt=\"cropped-7.jpg\" \/><\/figure><\/div><div class=\"swiper-slide\" role=\"group\" aria-roledescription=\"slide\" aria-label=\"3 de 4\"><figure class=\"swiper-slide-inner\"><img decoding=\"async\" class=\"swiper-slide-image\" src=\"https:\/\/www.uefsanantonio.com\/wp-content\/uploads\/2026\/03\/1-2-150x150.jpg\" alt=\"1\" \/><\/figure><\/div><div class=\"swiper-slide\" role=\"group\" aria-roledescription=\"slide\" aria-label=\"4 de 4\"><figure class=\"swiper-slide-inner\"><img decoding=\"async\" class=\"swiper-slide-image\" src=\"https:\/\/www.uefsanantonio.com\/wp-content\/uploads\/2026\/03\/2-1-150x150.jpg\" alt=\"2\" \/><\/figure><\/div>\t\t\t<\/div>\n\t\t\t\t\t\t\t\t\t\t\t\t<div class=\"elementor-swiper-button elementor-swiper-button-prev\" role=\"button\" tabindex=\"0\">\n\t\t\t\t\t\t<svg aria-hidden=\"true\" class=\"e-font-icon-svg e-eicon-chevron-left\" viewBox=\"0 0 1000 1000\" xmlns=\"http:\/\/www.w3.org\/2000\/svg\"><path d=\"M646 125C629 125 613 133 604 142L308 442C296 454 292 471 292 487 292 504 296 521 308 533L604 854C617 867 629 875 646 875 663 875 679 871 692 858 704 846 713 829 713 812 713 796 708 779 692 767L438 487 692 225C700 217 708 204 708 187 708 171 704 154 692 142 675 129 663 125 646 125Z\"><\/path><\/svg>\t\t\t\t\t<\/div>\n\t\t\t\t\t<div class=\"elementor-swiper-button elementor-swiper-button-next\" role=\"button\" tabindex=\"0\">\n\t\t\t\t\t\t<svg aria-hidden=\"true\" class=\"e-font-icon-svg e-eicon-chevron-right\" viewBox=\"0 0 1000 1000\" xmlns=\"http:\/\/www.w3.org\/2000\/svg\"><path d=\"M696 533C708 521 713 504 713 487 713 471 708 454 696 446L400 146C388 133 375 125 354 125 338 125 325 129 313 142 300 154 292 171 292 187 292 204 296 221 308 233L563 492 304 771C292 783 288 800 288 817 288 833 296 850 308 863 321 871 338 875 354 875 371 875 388 867 400 854L696 533Z\"><\/path><\/svg>\t\t\t\t\t<\/div>\n\t\t\t\t\n\t\t\t\t\t\t\t\t\t<div class=\"swiper-pagination\"><\/div>\n\t\t\t\t\t\t\t\t\t<\/div>\n\t\t\t\t\t\t<\/div>\n\t\t\t\t<\/div>\n\t\t<div class=\"elementor-element elementor-element-edc4017 e-flex e-con-boxed e-con e-parent\" data-id=\"edc4017\" data-element_type=\"container\" data-e-type=\"container\">\n\t\t\t\t\t<div class=\"e-con-inner\">\n\t\t\t\t<div class=\"elementor-element elementor-element-9742018 elementor-widget-divider--view-line elementor-widget elementor-widget-divider\" data-id=\"9742018\" data-element_type=\"widget\" data-e-type=\"widget\" data-widget_type=\"divider.default\">\n\t\t\t\t\t\t\t<div class=\"elementor-divider\">\n\t\t\t<span class=\"elementor-divider-separator\">\n\t\t\t\t\t\t<\/span>\n\t\t<\/div>\n\t\t\t\t\t\t<\/div>\n\t\t\t\t\t<\/div>\n\t\t\t\t<\/div>\n\t\t\t\t<\/div>\n\t\t","protected":false},"excerpt":{"rendered":"<p>Objetivo Principal &#x1f3af; Formar j\u00f3venes con pensamiento cr\u00edtico, autonom\u00eda y valores s\u00f3lidos, capaces de investigar su entorno y proponer soluciones innovadoras, asegurando una transici\u00f3n exitosa hacia el Bachillerato y la vida ciudadana. \u00c1reas de Ense\u00f1anza &#x1f469;&#x1f3fd;&#x200d;&#x1f3eb; Lengua y Literatura: Enfoque en la comprensi\u00f3n lectora, la oratoria y la escritura\u00a0 como bases de la comunicaci\u00f3n. Matem\u00e1tica: [&hellip;]<\/p>\n","protected":false},"author":1,"featured_media":0,"parent":0,"menu_order":0,"comment_status":"closed","ping_status":"closed","template":"","meta":{"footnotes":""},"class_list":["post-501","page","type-page","status-publish","hentry"],"_links":{"self":[{"href":"https:\/\/www.uefsanantonio.com\/index.php?rest_route=\/wp\/v2\/pages\/501","targetHints":{"allow":["GET"]}}],"collection":[{"href":"https:\/\/www.uefsanantonio.com\/index.php?rest_route=\/wp\/v2\/pages"}],"about":[{"href":"https:\/\/www.uefsanantonio.com\/index.php?rest_route=\/wp\/v2\/types\/page"}],"author":[{"embeddable":true,"href":"https:\/\/www.uefsanantonio.com\/index.php?rest_route=\/wp\/v2\/users\/1"}],"replies":[{"embeddable":true,"href":"https:\/\/www.uefsanantonio.com\/index.php?rest_route=%2Fwp%2Fv2%2Fcomments&post=501"}],"version-history":[{"count":154,"href":"https:\/\/www.uefsanantonio.com\/index.php?rest_route=\/wp\/v2\/pages\/501\/revisions"}],"predecessor-version":[{"id":3045,"href":"https:\/\/www.uefsanantonio.com\/index.php?rest_route=\/wp\/v2\/pages\/501\/revisions\/3045"}],"wp:attachment":[{"href":"https:\/\/www.uefsanantonio.com\/index.php?rest_route=%2Fwp%2Fv2%2Fmedia&parent=501"}],"curies":[{"name":"wp","href":"https:\/\/api.w.org\/{rel}","templated":true}]}}