{"id":502,"date":"2026-03-14T00:32:06","date_gmt":"2026-03-14T00:32:06","guid":{"rendered":"https:\/\/www.uefsanantonio.com\/?page_id=502"},"modified":"2026-04-02T15:06:38","modified_gmt":"2026-04-02T15:06:38","slug":"bachillerato-en-ciencias","status":"publish","type":"page","link":"https:\/\/www.uefsanantonio.com\/?page_id=502","title":{"rendered":"Bachillerato en Ciencias"},"content":{"rendered":"\t\t<div data-elementor-type=\"wp-page\" data-elementor-id=\"502\" class=\"elementor elementor-502\">\n\t\t\t\t<div class=\"elementor-element elementor-element-ecf35ff e-con-full e-flex e-con e-parent\" data-id=\"ecf35ff\" data-element_type=\"container\" data-e-type=\"container\">\n\t\t\t\t<div class=\"elementor-element elementor-element-8495ff6 elementor-invisible elementor-widget elementor-widget-image\" data-id=\"8495ff6\" data-element_type=\"widget\" data-e-type=\"widget\" data-settings=\"{&quot;_animation&quot;:&quot;fadeInDown&quot;}\" data-widget_type=\"image.default\">\n\t\t\t\t\t\t\t\t\t\t\t\t\t\t\t<img fetchpriority=\"high\" decoding=\"async\" width=\"1024\" height=\"102\" src=\"https:\/\/www.uefsanantonio.com\/wp-content\/uploads\/2026\/03\/bachillerato-1024x102.png\" class=\"attachment-large size-large wp-image-1363\" alt=\"\" srcset=\"https:\/\/www.uefsanantonio.com\/wp-content\/uploads\/2026\/03\/bachillerato-1024x102.png 1024w, https:\/\/www.uefsanantonio.com\/wp-content\/uploads\/2026\/03\/bachillerato-300x30.png 300w, https:\/\/www.uefsanantonio.com\/wp-content\/uploads\/2026\/03\/bachillerato-768x77.png 768w, https:\/\/www.uefsanantonio.com\/wp-content\/uploads\/2026\/03\/bachillerato.png 1500w\" sizes=\"(max-width: 1024px) 100vw, 1024px\" \/>\t\t\t\t\t\t\t\t\t\t\t\t\t\t\t<\/div>\n\t\t\t\t<\/div>\n\t\t<div class=\"elementor-element elementor-element-c0e31ea e-flex e-con-boxed e-con e-parent\" data-id=\"c0e31ea\" data-element_type=\"container\" data-e-type=\"container\">\n\t\t\t\t\t<div class=\"e-con-inner\">\n\t\t\t\t<div class=\"elementor-element elementor-element-4331968 elementor-widget-divider--view-line elementor-widget elementor-widget-divider\" data-id=\"4331968\" data-element_type=\"widget\" data-e-type=\"widget\" data-widget_type=\"divider.default\">\n\t\t\t\t\t\t\t<div class=\"elementor-divider\">\n\t\t\t<span class=\"elementor-divider-separator\">\n\t\t\t\t\t\t<\/span>\n\t\t<\/div>\n\t\t\t\t\t\t<\/div>\n\t\t\t\t\t<\/div>\n\t\t\t\t<\/div>\n\t\t<div class=\"elementor-element elementor-element-458089b e-con-full e-flex e-con e-parent\" data-id=\"458089b\" data-element_type=\"container\" data-e-type=\"container\">\n\t\t<div class=\"elementor-element elementor-element-228393d e-con-full e-flex e-con e-child\" data-id=\"228393d\" data-element_type=\"container\" data-e-type=\"container\">\n\t\t\t\t<div class=\"elementor-element elementor-element-f1e91c6 elementor-widget__width-initial elementor-invisible elementor-widget elementor-widget-image\" data-id=\"f1e91c6\" data-element_type=\"widget\" data-e-type=\"widget\" data-settings=\"{&quot;_animation&quot;:&quot;fadeInLeft&quot;}\" data-widget_type=\"image.default\">\n\t\t\t\t\t\t\t\t\t\t\t\t\t\t\t<img decoding=\"async\" width=\"1024\" height=\"724\" src=\"https:\/\/www.uefsanantonio.com\/wp-content\/uploads\/2026\/03\/aband-1024x724.jpeg\" class=\"elementor-animation-shrink attachment-large size-large wp-image-331\" alt=\"\" srcset=\"https:\/\/www.uefsanantonio.com\/wp-content\/uploads\/2026\/03\/aband-1024x724.jpeg 1024w, https:\/\/www.uefsanantonio.com\/wp-content\/uploads\/2026\/03\/aband-300x212.jpeg 300w, https:\/\/www.uefsanantonio.com\/wp-content\/uploads\/2026\/03\/aband-768x543.jpeg 768w, https:\/\/www.uefsanantonio.com\/wp-content\/uploads\/2026\/03\/aband-1536x1086.jpeg 1536w, https:\/\/www.uefsanantonio.com\/wp-content\/uploads\/2026\/03\/aband.jpeg 1600w\" sizes=\"(max-width: 1024px) 100vw, 1024px\" \/>\t\t\t\t\t\t\t\t\t\t\t\t\t\t\t<\/div>\n\t\t\t\t<\/div>\n\t\t<div class=\"elementor-element elementor-element-39db7cf e-con-full e-flex e-con e-child\" data-id=\"39db7cf\" data-element_type=\"container\" data-e-type=\"container\">\n\t\t\t\t<div class=\"elementor-element elementor-element-595cc9d elementor-invisible elementor-widget elementor-widget-image\" data-id=\"595cc9d\" data-element_type=\"widget\" data-e-type=\"widget\" data-settings=\"{&quot;_animation&quot;:&quot;fadeInRight&quot;}\" data-widget_type=\"image.default\">\n\t\t\t\t\t\t\t\t\t\t\t\t\t\t\t<img decoding=\"async\" width=\"1024\" height=\"724\" src=\"https:\/\/www.uefsanantonio.com\/wp-content\/uploads\/2026\/03\/abande2-1024x724.jpeg\" class=\"elementor-animation-shrink attachment-large size-large wp-image-304\" alt=\"\" srcset=\"https:\/\/www.uefsanantonio.com\/wp-content\/uploads\/2026\/03\/abande2-1024x724.jpeg 1024w, https:\/\/www.uefsanantonio.com\/wp-content\/uploads\/2026\/03\/abande2-300x212.jpeg 300w, https:\/\/www.uefsanantonio.com\/wp-content\/uploads\/2026\/03\/abande2-768x543.jpeg 768w, https:\/\/www.uefsanantonio.com\/wp-content\/uploads\/2026\/03\/abande2-1536x1086.jpeg 1536w, https:\/\/www.uefsanantonio.com\/wp-content\/uploads\/2026\/03\/abande2.jpeg 1600w\" sizes=\"(max-width: 1024px) 100vw, 1024px\" \/>\t\t\t\t\t\t\t\t\t\t\t\t\t\t\t<\/div>\n\t\t\t\t<\/div>\n\t\t\t\t<\/div>\n\t\t<div class=\"elementor-element elementor-element-ac0d0d1 e-flex e-con-boxed e-con e-parent\" data-id=\"ac0d0d1\" data-element_type=\"container\" data-e-type=\"container\">\n\t\t\t\t\t<div class=\"e-con-inner\">\n\t\t\t\t<div class=\"elementor-element elementor-element-f897fd4 elementor-widget-divider--view-line elementor-widget elementor-widget-divider\" data-id=\"f897fd4\" data-element_type=\"widget\" data-e-type=\"widget\" data-widget_type=\"divider.default\">\n\t\t\t\t\t\t\t<div class=\"elementor-divider\">\n\t\t\t<span class=\"elementor-divider-separator\">\n\t\t\t\t\t\t<\/span>\n\t\t<\/div>\n\t\t\t\t\t\t<\/div>\n\t\t\t\t\t<\/div>\n\t\t\t\t<\/div>\n\t\t<div class=\"elementor-element elementor-element-d71efff e-con-full e-flex elementor-invisible e-con e-parent\" data-id=\"d71efff\" data-element_type=\"container\" data-e-type=\"container\" data-settings=\"{&quot;animation&quot;:&quot;fadeInDown&quot;}\">\n\t\t\t\t<div class=\"elementor-element elementor-element-7a6f898 elementor-widget__width-initial elementor-widget elementor-widget-text-editor\" data-id=\"7a6f898\" data-element_type=\"widget\" data-e-type=\"widget\" data-settings=\"{&quot;_animation&quot;:&quot;none&quot;}\" data-widget_type=\"text-editor.default\">\n\t\t\t\t\t\t\t\t\t<blockquote data-path-to-node=\"1\"><p data-path-to-node=\"1,0\">Durante el Bachillerato en Ciencias, impulsamos el potencial de nuestros j\u00f3venes mediante una orientaci\u00f3n vocacional estrat\u00e9gica, un s\u00f3lido rigor cient\u00edfico e investigativo y una preparaci\u00f3n integral para los desaf\u00edos de la educaci\u00f3n superior. En nuestra instituci\u00f3n, esta etapa es el motor que forma l\u00edderes con pensamiento cr\u00edtico, \u00e9tica y la excelencia necesaria para transformar su futuro profesional.<\/p><\/blockquote>\t\t\t\t\t\t\t\t<\/div>\n\t\t\t\t<\/div>\n\t\t<div class=\"elementor-element elementor-element-b25eafd e-flex e-con-boxed e-con e-parent\" data-id=\"b25eafd\" data-element_type=\"container\" data-e-type=\"container\">\n\t\t\t\t\t<div class=\"e-con-inner\">\n\t\t\t\t<div class=\"elementor-element elementor-element-8f11124 elementor-widget-divider--view-line elementor-widget elementor-widget-divider\" data-id=\"8f11124\" data-element_type=\"widget\" data-e-type=\"widget\" data-widget_type=\"divider.default\">\n\t\t\t\t\t\t\t<div class=\"elementor-divider\">\n\t\t\t<span class=\"elementor-divider-separator\">\n\t\t\t\t\t\t<\/span>\n\t\t<\/div>\n\t\t\t\t\t\t<\/div>\n\t\t\t\t\t<\/div>\n\t\t\t\t<\/div>\n\t\t<div class=\"elementor-element elementor-element-c7bf3a5 e-con-full e-flex e-con e-parent\" data-id=\"c7bf3a5\" data-element_type=\"container\" data-e-type=\"container\">\n\t\t\t\t<div class=\"elementor-element elementor-element-7e2cfab elementor-widget__width-initial elementor-invisible elementor-widget elementor-widget-heading\" data-id=\"7e2cfab\" data-element_type=\"widget\" data-e-type=\"widget\" data-settings=\"{&quot;_animation&quot;:&quot;lightSpeedIn&quot;}\" data-widget_type=\"heading.default\">\n\t\t\t\t\t<h2 class=\"elementor-heading-title elementor-size-default\">Detalles del Bachillerato en Ciencias \ud83c\udf93<\/h2>\t\t\t\t<\/div>\n\t\t\t\t<\/div>\n\t\t<div class=\"elementor-element elementor-element-d8cd4f2 e-con-full e-flex e-con e-parent\" data-id=\"d8cd4f2\" data-element_type=\"container\" data-e-type=\"container\">\n\t\t\t\t<div class=\"elementor-element elementor-element-663c8b8 elementor-widget__width-initial elementor-invisible elementor-widget elementor-widget-text-editor\" data-id=\"663c8b8\" data-element_type=\"widget\" data-e-type=\"widget\" data-settings=\"{&quot;_animation&quot;:&quot;fadeInLeft&quot;}\" data-widget_type=\"text-editor.default\">\n\t\t\t\t\t\t\t\t\t<ul><li><p data-path-to-node=\"3,0,0\"><b data-path-to-node=\"3,0,0\" data-index-in-node=\"0\">Duraci\u00f3n:<\/b> 3 a\u00f1os lectivos (1ero, 2do y 3er a\u00f1o de Bachillerato).<\/p><\/li><li><p data-path-to-node=\"3,1,0\"><b data-path-to-node=\"3,1,0\" data-index-in-node=\"0\">Edades:<\/b> De 15 a 18 a\u00f1os, aproximadamente.<\/p><\/li><li><p data-path-to-node=\"3,2,0\"><b data-path-to-node=\"3,2,0\" data-index-in-node=\"0\">Jornada:<\/b> Matutina.<\/p><\/li><li><p data-path-to-node=\"3,3,0\"><b data-path-to-node=\"3,3,0\" data-index-in-node=\"0\">T\u00edtulo obtenido:<\/b> Bachiller en Ciencias.<\/p><\/li><li><p data-path-to-node=\"3,4,0\"><b data-path-to-node=\"3,4,0\" data-index-in-node=\"0\">Enfoque:<\/b> Preparaci\u00f3n acad\u00e9mica intensiva con \u00e9nfasis en la investigaci\u00f3n, el razonamiento l\u00f3gico y la formaci\u00f3n human\u00edstica.<\/p><\/li><\/ul>\t\t\t\t\t\t\t\t<\/div>\n\t\t\t\t<\/div>\n\t\t<div class=\"elementor-element elementor-element-93243be e-flex e-con-boxed e-con e-parent\" data-id=\"93243be\" data-element_type=\"container\" data-e-type=\"container\">\n\t\t\t\t\t<div class=\"e-con-inner\">\n\t\t\t\t<div class=\"elementor-element elementor-element-4aa97d5 elementor-widget-divider--view-line elementor-widget elementor-widget-divider\" data-id=\"4aa97d5\" data-element_type=\"widget\" data-e-type=\"widget\" data-widget_type=\"divider.default\">\n\t\t\t\t\t\t\t<div class=\"elementor-divider\">\n\t\t\t<span class=\"elementor-divider-separator\">\n\t\t\t\t\t\t<\/span>\n\t\t<\/div>\n\t\t\t\t\t\t<\/div>\n\t\t\t\t\t<\/div>\n\t\t\t\t<\/div>\n\t\t<div class=\"elementor-element elementor-element-6de4c07 e-flex e-con-boxed e-con e-parent\" data-id=\"6de4c07\" data-element_type=\"container\" data-e-type=\"container\">\n\t\t\t\t\t<div class=\"e-con-inner\">\n\t\t<div class=\"elementor-element elementor-element-da8b8df e-con-full e-flex e-con e-child\" data-id=\"da8b8df\" data-element_type=\"container\" data-e-type=\"container\">\n\t\t\t\t<div class=\"elementor-element elementor-element-8afd5ab elementor-invisible elementor-widget elementor-widget-heading\" data-id=\"8afd5ab\" data-element_type=\"widget\" data-e-type=\"widget\" data-settings=\"{&quot;_animation&quot;:&quot;fadeInLeft&quot;}\" data-widget_type=\"heading.default\">\n\t\t\t\t\t<h2 class=\"elementor-heading-title elementor-size-default\">Estructura Curricular \ud83d\udd0d\u200b<\/h2>\t\t\t\t<\/div>\n\t\t\t\t<\/div>\n\t\t<div class=\"elementor-element elementor-element-a9aa196 e-con-full e-flex e-con e-child\" data-id=\"a9aa196\" data-element_type=\"container\" data-e-type=\"container\">\n\t\t\t\t<div class=\"elementor-element elementor-element-5580767 elementor-invisible elementor-widget elementor-widget-heading\" data-id=\"5580767\" data-element_type=\"widget\" data-e-type=\"widget\" data-settings=\"{&quot;_animation&quot;:&quot;fadeInRight&quot;}\" data-widget_type=\"heading.default\">\n\t\t\t\t\t<h2 class=\"elementor-heading-title elementor-size-default\">Ventajas Educativas \u2705<\/h2>\t\t\t\t<\/div>\n\t\t\t\t<\/div>\n\t\t\t\t\t<\/div>\n\t\t\t\t<\/div>\n\t\t<div class=\"elementor-element elementor-element-a5b9c4d e-flex e-con-boxed e-con e-parent\" data-id=\"a5b9c4d\" data-element_type=\"container\" data-e-type=\"container\">\n\t\t\t\t\t<div class=\"e-con-inner\">\n\t\t<div class=\"elementor-element elementor-element-ce92f6f e-con-full e-flex e-con e-child\" data-id=\"ce92f6f\" data-element_type=\"container\" data-e-type=\"container\">\n\t\t\t\t<div class=\"elementor-element elementor-element-82f599a elementor-invisible elementor-widget elementor-widget-text-editor\" data-id=\"82f599a\" data-element_type=\"widget\" data-e-type=\"widget\" data-settings=\"{&quot;_animation&quot;:&quot;fadeInLeft&quot;}\" data-widget_type=\"text-editor.default\">\n\t\t\t\t\t\t\t\t\t<p data-path-to-node=\"3\">El programa de Bachillerato integra\u00a0 asignaturas obligatorias con materias de profundizaci\u00f3n cient\u00edfica:<\/p><ul data-path-to-node=\"4\"><li><p data-path-to-node=\"4,0,0\"><b data-path-to-node=\"4,0,0\" data-index-in-node=\"0\">Ciencias Exactas:<\/b> Matem\u00e1ticas, F\u00edsica y Qu\u00edmica avanzada.<\/p><\/li><li><p data-path-to-node=\"4,1,0\"><b data-path-to-node=\"4,1,0\" data-index-in-node=\"0\">Ciencias Naturales:<\/b> Biolog\u00eda y estudios del entorno natural.<\/p><\/li><li><p data-path-to-node=\"4,2,0\"><b data-path-to-node=\"4,2,0\" data-index-in-node=\"0\">Lengua y Comunicaci\u00f3n:<\/b> Lengua y Literatura y Lengua Extranjera (Ingl\u00e9s).<\/p><\/li><li><p data-path-to-node=\"4,3,0\"><b data-path-to-node=\"4,3,0\" data-index-in-node=\"0\">Ciencias Sociales:<\/b> Historia, Educaci\u00f3n para la Ciudadan\u00eda y Filosof\u00eda.<\/p><\/li><li><p data-path-to-node=\"4,4,0\"><b data-path-to-node=\"4,4,0\" data-index-in-node=\"0\">Desarrollo Integral:<\/b> Educaci\u00f3n F\u00edsica, Educaci\u00f3n Cultural y Art\u00edstica (ECA) y Emprendimiento y Gesti\u00f3n.<\/p><\/li><\/ul>\t\t\t\t\t\t\t\t<\/div>\n\t\t\t\t<\/div>\n\t\t<div class=\"elementor-element elementor-element-ad33530 e-con-full e-flex e-con e-child\" data-id=\"ad33530\" data-element_type=\"container\" data-e-type=\"container\">\n\t\t\t\t<div class=\"elementor-element elementor-element-5b3e9e1 elementor-invisible elementor-widget elementor-widget-text-editor\" data-id=\"5b3e9e1\" data-element_type=\"widget\" data-e-type=\"widget\" data-settings=\"{&quot;_animation&quot;:&quot;fadeInRight&quot;}\" data-widget_type=\"text-editor.default\">\n\t\t\t\t\t\t\t\t\t<p data-path-to-node=\"3\">Nuestro programa est\u00e1 dise\u00f1ado para potenciar las capacidades acad\u00e9micas y personales de los futuros bachilleres, ofreciendo:<\/p><ul data-path-to-node=\"4\"><li><p data-path-to-node=\"4,1,0\"><b data-path-to-node=\"4,1,0\" data-index-in-node=\"0\">Base Universitaria S\u00f3lida:<\/b> Proporcionamos los conocimientos necesarios para acceder con \u00e9xito a las carreras de tercer nivel.<\/p><\/li><li><p data-path-to-node=\"4,2,0\"><b data-path-to-node=\"4,2,0\" data-index-in-node=\"0\">Pensamiento Cr\u00edtico:<\/b> Fomentamos la capacidad de an\u00e1lisis, la comunicaci\u00f3n efectiva y la resoluci\u00f3n de problemas complejos.<\/p><\/li><li><p data-path-to-node=\"4,3,0\"><b data-path-to-node=\"4,3,0\" data-index-in-node=\"0\">Orientaci\u00f3n Vocacional:<\/b> Ayudamos al estudiante a descubrir sus intereses reales mediante \u00e1reas de profundizaci\u00f3n.<\/p><\/li><li><p data-path-to-node=\"4,4,0\"><b data-path-to-node=\"4,4,0\" data-index-in-node=\"0\">Autonom\u00eda e Investigaci\u00f3n:<\/b> Desarrollamos habilidades de aprendizaje independiente y rigor cient\u00edfico.<\/p><\/li><\/ul>\t\t\t\t\t\t\t\t<\/div>\n\t\t\t\t<\/div>\n\t\t\t\t\t<\/div>\n\t\t\t\t<\/div>\n\t\t<div class=\"elementor-element elementor-element-6e6e139 e-flex e-con-boxed e-con e-parent\" data-id=\"6e6e139\" data-element_type=\"container\" data-e-type=\"container\">\n\t\t\t\t\t<div class=\"e-con-inner\">\n\t\t\t\t<div class=\"elementor-element elementor-element-1c07d99 elementor-widget-divider--view-line elementor-widget elementor-widget-divider\" data-id=\"1c07d99\" data-element_type=\"widget\" data-e-type=\"widget\" data-widget_type=\"divider.default\">\n\t\t\t\t\t\t\t<div class=\"elementor-divider\">\n\t\t\t<span class=\"elementor-divider-separator\">\n\t\t\t\t\t\t<\/span>\n\t\t<\/div>\n\t\t\t\t\t\t<\/div>\n\t\t\t\t\t<\/div>\n\t\t\t\t<\/div>\n\t\t<div class=\"elementor-element elementor-element-678297c e-con-full e-flex e-con e-parent\" data-id=\"678297c\" data-element_type=\"container\" data-e-type=\"container\">\n\t\t<div class=\"elementor-element elementor-element-90646a2 e-con-full e-flex e-con e-child\" data-id=\"90646a2\" data-element_type=\"container\" data-e-type=\"container\">\n\t\t\t\t<div class=\"elementor-element elementor-element-a8db384 elementor-arrows-position-inside elementor-pagination-position-outside elementor-invisible elementor-widget elementor-widget-image-carousel\" data-id=\"a8db384\" data-element_type=\"widget\" data-e-type=\"widget\" data-settings=\"{&quot;_animation&quot;:&quot;fadeInUp&quot;,&quot;navigation&quot;:&quot;both&quot;,&quot;autoplay&quot;:&quot;yes&quot;,&quot;pause_on_hover&quot;:&quot;yes&quot;,&quot;pause_on_interaction&quot;:&quot;yes&quot;,&quot;autoplay_speed&quot;:5000,&quot;infinite&quot;:&quot;yes&quot;,&quot;speed&quot;:500}\" data-widget_type=\"image-carousel.default\">\n\t\t\t\t\t\t\t<div class=\"elementor-image-carousel-wrapper swiper\" role=\"region\" aria-roledescription=\"carousel\" aria-label=\"Carrusel de im\u00e1genes\" dir=\"ltr\">\n\t\t\t<div class=\"elementor-image-carousel swiper-wrapper\" aria-live=\"off\">\n\t\t\t\t\t\t\t\t<div class=\"swiper-slide\" role=\"group\" aria-roledescription=\"slide\" aria-label=\"1 de 3\"><figure class=\"swiper-slide-inner\"><img decoding=\"async\" class=\"swiper-slide-image\" src=\"https:\/\/www.uefsanantonio.com\/wp-content\/uploads\/2026\/03\/cropped-prin-150x150.jpg\" alt=\"cropped-prin.jpg\" \/><\/figure><\/div><div class=\"swiper-slide\" role=\"group\" aria-roledescription=\"slide\" aria-label=\"2 de 3\"><figure class=\"swiper-slide-inner\"><img decoding=\"async\" class=\"swiper-slide-image\" src=\"https:\/\/www.uefsanantonio.com\/wp-content\/uploads\/2026\/03\/birrete-150x150.jpg\" alt=\"Black Graduation Cap with Degree Isolated on White Background.\" \/><\/figure><\/div><div class=\"swiper-slide\" role=\"group\" aria-roledescription=\"slide\" aria-label=\"3 de 3\"><figure class=\"swiper-slide-inner\"><img decoding=\"async\" class=\"swiper-slide-image\" src=\"https:\/\/www.uefsanantonio.com\/wp-content\/uploads\/2026\/03\/prin1-150x150.jpg\" alt=\"prin1\" \/><\/figure><\/div>\t\t\t<\/div>\n\t\t\t\t\t\t\t\t\t\t\t\t<div class=\"elementor-swiper-button elementor-swiper-button-prev\" role=\"button\" tabindex=\"0\">\n\t\t\t\t\t\t<svg aria-hidden=\"true\" class=\"e-font-icon-svg e-eicon-chevron-left\" viewBox=\"0 0 1000 1000\" xmlns=\"http:\/\/www.w3.org\/2000\/svg\"><path d=\"M646 125C629 125 613 133 604 142L308 442C296 454 292 471 292 487 292 504 296 521 308 533L604 854C617 867 629 875 646 875 663 875 679 871 692 858 704 846 713 829 713 812 713 796 708 779 692 767L438 487 692 225C700 217 708 204 708 187 708 171 704 154 692 142 675 129 663 125 646 125Z\"><\/path><\/svg>\t\t\t\t\t<\/div>\n\t\t\t\t\t<div class=\"elementor-swiper-button elementor-swiper-button-next\" role=\"button\" tabindex=\"0\">\n\t\t\t\t\t\t<svg aria-hidden=\"true\" class=\"e-font-icon-svg e-eicon-chevron-right\" viewBox=\"0 0 1000 1000\" xmlns=\"http:\/\/www.w3.org\/2000\/svg\"><path d=\"M696 533C708 521 713 504 713 487 713 471 708 454 696 446L400 146C388 133 375 125 354 125 338 125 325 129 313 142 300 154 292 171 292 187 292 204 296 221 308 233L563 492 304 771C292 783 288 800 288 817 288 833 296 850 308 863 321 871 338 875 354 875 371 875 388 867 400 854L696 533Z\"><\/path><\/svg>\t\t\t\t\t<\/div>\n\t\t\t\t\n\t\t\t\t\t\t\t\t\t<div class=\"swiper-pagination\"><\/div>\n\t\t\t\t\t\t\t\t\t<\/div>\n\t\t\t\t\t\t<\/div>\n\t\t\t\t<\/div>\n\t\t\t\t<\/div>\n\t\t<div class=\"elementor-element elementor-element-17dcabb e-flex e-con-boxed e-con e-parent\" data-id=\"17dcabb\" data-element_type=\"container\" data-e-type=\"container\">\n\t\t\t\t\t<div class=\"e-con-inner\">\n\t\t\t\t<div class=\"elementor-element elementor-element-9f693f2 elementor-widget-divider--view-line elementor-widget elementor-widget-divider\" data-id=\"9f693f2\" data-element_type=\"widget\" data-e-type=\"widget\" data-widget_type=\"divider.default\">\n\t\t\t\t\t\t\t<div class=\"elementor-divider\">\n\t\t\t<span class=\"elementor-divider-separator\">\n\t\t\t\t\t\t<\/span>\n\t\t<\/div>\n\t\t\t\t\t\t<\/div>\n\t\t\t\t\t<\/div>\n\t\t\t\t<\/div>\n\t\t\t\t<\/div>\n\t\t","protected":false},"excerpt":{"rendered":"<p>Durante el Bachillerato en Ciencias, impulsamos el potencial de nuestros j\u00f3venes mediante una orientaci\u00f3n vocacional estrat\u00e9gica, un s\u00f3lido rigor cient\u00edfico e investigativo y una preparaci\u00f3n integral para los desaf\u00edos de la educaci\u00f3n superior. En nuestra instituci\u00f3n, esta etapa es el motor que forma l\u00edderes con pensamiento cr\u00edtico, \u00e9tica y la excelencia necesaria para transformar su [&hellip;]<\/p>\n","protected":false},"author":1,"featured_media":0,"parent":0,"menu_order":0,"comment_status":"closed","ping_status":"closed","template":"","meta":{"footnotes":""},"class_list":["post-502","page","type-page","status-publish","hentry"],"_links":{"self":[{"href":"https:\/\/www.uefsanantonio.com\/index.php?rest_route=\/wp\/v2\/pages\/502","targetHints":{"allow":["GET"]}}],"collection":[{"href":"https:\/\/www.uefsanantonio.com\/index.php?rest_route=\/wp\/v2\/pages"}],"about":[{"href":"https:\/\/www.uefsanantonio.com\/index.php?rest_route=\/wp\/v2\/types\/page"}],"author":[{"embeddable":true,"href":"https:\/\/www.uefsanantonio.com\/index.php?rest_route=\/wp\/v2\/users\/1"}],"replies":[{"embeddable":true,"href":"https:\/\/www.uefsanantonio.com\/index.php?rest_route=%2Fwp%2Fv2%2Fcomments&post=502"}],"version-history":[{"count":145,"href":"https:\/\/www.uefsanantonio.com\/index.php?rest_route=\/wp\/v2\/pages\/502\/revisions"}],"predecessor-version":[{"id":2945,"href":"https:\/\/www.uefsanantonio.com\/index.php?rest_route=\/wp\/v2\/pages\/502\/revisions\/2945"}],"wp:attachment":[{"href":"https:\/\/www.uefsanantonio.com\/index.php?rest_route=%2Fwp%2Fv2%2Fmedia&parent=502"}],"curies":[{"name":"wp","href":"https:\/\/api.w.org\/{rel}","templated":true}]}}