{"id":532,"date":"2026-03-14T00:44:58","date_gmt":"2026-03-14T00:44:58","guid":{"rendered":"https:\/\/www.uefsanantonio.com\/?page_id=532"},"modified":"2026-04-07T13:45:54","modified_gmt":"2026-04-07T13:45:54","slug":"cronograma-escolar-2025-2026","status":"publish","type":"page","link":"https:\/\/www.uefsanantonio.com\/?page_id=532","title":{"rendered":"Cronograma Escolar 2025-2026"},"content":{"rendered":"\t\t<div data-elementor-type=\"wp-page\" data-elementor-id=\"532\" class=\"elementor elementor-532\">\n\t\t\t\t<div class=\"elementor-element elementor-element-632ef70 e-con-full e-flex elementor-invisible e-con e-parent\" data-id=\"632ef70\" data-element_type=\"container\" data-e-type=\"container\" data-settings=\"{&quot;animation&quot;:&quot;fadeInDown&quot;}\">\n\t\t\t\t<div class=\"elementor-element elementor-element-e25b8c1 elementor-widget elementor-widget-text-editor\" data-id=\"e25b8c1\" data-element_type=\"widget\" data-e-type=\"widget\" data-widget_type=\"text-editor.default\">\n\t\t\t\t\t\t\t\t\t<blockquote data-path-to-node=\"4\"><p data-path-to-node=\"4,1\">Consulta el cronograma oficial de actividades para el presente a\u00f1o lectivo en el siguiente bot\u00f3n. En esta secci\u00f3n encontrar\u00e1s las fechas de inicio de clases, periodos de ex\u00e1menes, vacaciones y eventos institucionales programados. Nuestro objetivo es mantener a la comunidad educativa informada para una organizaci\u00f3n efectiva de las jornadas pedag\u00f3gicas y administrativas.<\/p><\/blockquote>\t\t\t\t\t\t\t\t<\/div>\n\t\t\t\t<\/div>\n\t\t<div class=\"elementor-element elementor-element-aacdd9d e-flex e-con-boxed e-con e-parent\" data-id=\"aacdd9d\" data-element_type=\"container\" data-e-type=\"container\">\n\t\t\t\t\t<div class=\"e-con-inner\">\n\t\t\t\t\t<\/div>\n\t\t\t\t<\/div>\n\t\t<div class=\"elementor-element elementor-element-4395003 e-con-full e-flex e-con e-parent\" data-id=\"4395003\" data-element_type=\"container\" data-e-type=\"container\">\n\t\t\t\t<div class=\"elementor-element elementor-element-a16bfae elementor-align-center elementor-invisible elementor-widget elementor-widget-button\" data-id=\"a16bfae\" data-element_type=\"widget\" data-e-type=\"widget\" data-settings=\"{&quot;_animation&quot;:&quot;fadeInUp&quot;}\" data-widget_type=\"button.default\">\n\t\t\t\t\t\t\t\t\t\t<a class=\"elementor-button elementor-button-link elementor-size-sm\" href=\"https:\/\/www.uefsanantonio.com\/wp-content\/uploads\/2026\/04\/CRONOGRAMA-2025-2026.pdf\">\n\t\t\t\t\t\t<span class=\"elementor-button-content-wrapper\">\n\t\t\t\t\t\t\t\t\t<span class=\"elementor-button-text\">Cronograma 2025-2026<\/span>\n\t\t\t\t\t<\/span>\n\t\t\t\t\t<\/a>\n\t\t\t\t\t\t\t\t<\/div>\n\t\t\t\t<\/div>\n\t\t<div class=\"elementor-element elementor-element-ac465a5 e-flex e-con-boxed e-con e-parent\" data-id=\"ac465a5\" data-element_type=\"container\" data-e-type=\"container\">\n\t\t\t\t\t<div class=\"e-con-inner\">\n\t\t\t\t<div class=\"elementor-element elementor-element-42cb52c elementor-widget-divider--view-line elementor-widget elementor-widget-divider\" data-id=\"42cb52c\" data-element_type=\"widget\" data-e-type=\"widget\" data-widget_type=\"divider.default\">\n\t\t\t\t\t\t\t<div class=\"elementor-divider\">\n\t\t\t<span class=\"elementor-divider-separator\">\n\t\t\t\t\t\t<\/span>\n\t\t<\/div>\n\t\t\t\t\t\t<\/div>\n\t\t\t\t\t<\/div>\n\t\t\t\t<\/div>\n\t\t\t\t<\/div>\n\t\t","protected":false},"excerpt":{"rendered":"<p>Consulta el cronograma oficial de actividades para el presente a\u00f1o lectivo en el siguiente bot\u00f3n. En esta secci\u00f3n encontrar\u00e1s las fechas de inicio de clases, periodos de ex\u00e1menes, vacaciones y eventos institucionales programados. Nuestro objetivo es mantener a la comunidad educativa informada para una organizaci\u00f3n efectiva de las jornadas pedag\u00f3gicas y administrativas. Cronograma 2025-2026<\/p>\n","protected":false},"author":1,"featured_media":0,"parent":0,"menu_order":0,"comment_status":"closed","ping_status":"closed","template":"","meta":{"footnotes":""},"class_list":["post-532","page","type-page","status-publish","hentry"],"_links":{"self":[{"href":"https:\/\/www.uefsanantonio.com\/index.php?rest_route=\/wp\/v2\/pages\/532","targetHints":{"allow":["GET"]}}],"collection":[{"href":"https:\/\/www.uefsanantonio.com\/index.php?rest_route=\/wp\/v2\/pages"}],"about":[{"href":"https:\/\/www.uefsanantonio.com\/index.php?rest_route=\/wp\/v2\/types\/page"}],"author":[{"embeddable":true,"href":"https:\/\/www.uefsanantonio.com\/index.php?rest_route=\/wp\/v2\/users\/1"}],"replies":[{"embeddable":true,"href":"https:\/\/www.uefsanantonio.com\/index.php?rest_route=%2Fwp%2Fv2%2Fcomments&post=532"}],"version-history":[{"count":28,"href":"https:\/\/www.uefsanantonio.com\/index.php?rest_route=\/wp\/v2\/pages\/532\/revisions"}],"predecessor-version":[{"id":3048,"href":"https:\/\/www.uefsanantonio.com\/index.php?rest_route=\/wp\/v2\/pages\/532\/revisions\/3048"}],"wp:attachment":[{"href":"https:\/\/www.uefsanantonio.com\/index.php?rest_route=%2Fwp%2Fv2%2Fmedia&parent=532"}],"curies":[{"name":"wp","href":"https:\/\/api.w.org\/{rel}","templated":true}]}}