{"id":55,"date":"2026-03-11T15:23:43","date_gmt":"2026-03-11T15:23:43","guid":{"rendered":"https:\/\/www.uefsanantonio.com\/?page_id=55"},"modified":"2026-04-02T15:13:05","modified_gmt":"2026-04-02T15:13:05","slug":"consejo-estudiantil","status":"publish","type":"page","link":"https:\/\/www.uefsanantonio.com\/?page_id=55","title":{"rendered":"Consejo estudiantil"},"content":{"rendered":"\t\t<div data-elementor-type=\"wp-page\" data-elementor-id=\"55\" class=\"elementor elementor-55\">\n\t\t\t\t<div class=\"elementor-element elementor-element-5e47937 e-con-full e-flex e-con e-parent\" data-id=\"5e47937\" data-element_type=\"container\" data-e-type=\"container\">\n\t\t\t\t<div class=\"elementor-element elementor-element-5a9fed3 elementor-invisible elementor-widget elementor-widget-heading\" data-id=\"5a9fed3\" data-element_type=\"widget\" data-e-type=\"widget\" data-settings=\"{&quot;_animation&quot;:&quot;fadeInDown&quot;}\" data-widget_type=\"heading.default\">\n\t\t\t\t\t<h2 class=\"elementor-heading-title elementor-size-default\">2025 - 2026 \ud83d\uddd3\ufe0f<\/h2>\t\t\t\t<\/div>\n\t\t\t\t<\/div>\n\t\t<div class=\"elementor-element elementor-element-a111c85 e-flex e-con-boxed e-con e-parent\" data-id=\"a111c85\" data-element_type=\"container\" data-e-type=\"container\">\n\t\t\t\t\t<div class=\"e-con-inner\">\n\t\t\t\t<div class=\"elementor-element elementor-element-168a8e0 elementor-widget-divider--view-line elementor-widget elementor-widget-divider\" data-id=\"168a8e0\" data-element_type=\"widget\" data-e-type=\"widget\" data-widget_type=\"divider.default\">\n\t\t\t\t\t\t\t<div class=\"elementor-divider\">\n\t\t\t<span class=\"elementor-divider-separator\">\n\t\t\t\t\t\t<\/span>\n\t\t<\/div>\n\t\t\t\t\t\t<\/div>\n\t\t\t\t\t<\/div>\n\t\t\t\t<\/div>\n\t\t<div class=\"elementor-element elementor-element-034e30a e-con-full e-flex e-con e-parent\" data-id=\"034e30a\" data-element_type=\"container\" data-e-type=\"container\">\n\t\t\t\t<div class=\"elementor-element elementor-element-090068c elementor-invisible elementor-widget elementor-widget-text-editor\" data-id=\"090068c\" data-element_type=\"widget\" data-e-type=\"widget\" data-settings=\"{&quot;_animation&quot;:&quot;lightSpeedIn&quot;}\" data-widget_type=\"text-editor.default\">\n\t\t\t\t\t\t\t\t\t<p>El d\u00eda 7 de\u00a0Noviembre\u00a0del 2025 se llev\u00f3 a cabo la reuni\u00f3n electoral luego de que se\u00a0halla\u00a0realizado el proceso de sufragio y ante delegados de las listas para contabilizaci\u00f3n de\u00a0datos la\u00a0lista A (J.A.C) Juventud Antoniana por el cambio liderado por el joven Gonz\u00e1les Pacheco Juan Pablo contando con 55\u00a0votos.\u00a0<\/p><p>La lista B (M.L.T) Movimiento de liderazgo y transformaci\u00f3n estudiantil liderada por la\u00a0Srta\u00a0Tapia\u00a0Sigcho\u00a0Dannia Damaris con un total de 8 votos. Luego de haber realizado un debido proceso se obtiene como resultado de las selecciones del consejo estudiantil\u00a0per\u00edodo 2025\u20132026 y dando como lista ganadora a la lista A.\u00a0<\/p>\t\t\t\t\t\t\t\t<\/div>\n\t\t\t\t<\/div>\n\t\t<div class=\"elementor-element elementor-element-d0ffdb7 e-flex e-con-boxed e-con e-parent\" data-id=\"d0ffdb7\" data-element_type=\"container\" data-e-type=\"container\">\n\t\t\t\t\t<div class=\"e-con-inner\">\n\t\t\t\t<div class=\"elementor-element elementor-element-98239d1 elementor-widget-divider--view-line elementor-widget elementor-widget-divider\" data-id=\"98239d1\" data-element_type=\"widget\" data-e-type=\"widget\" data-widget_type=\"divider.default\">\n\t\t\t\t\t\t\t<div class=\"elementor-divider\">\n\t\t\t<span class=\"elementor-divider-separator\">\n\t\t\t\t\t\t<\/span>\n\t\t<\/div>\n\t\t\t\t\t\t<\/div>\n\t\t\t\t\t<\/div>\n\t\t\t\t<\/div>\n\t\t<div class=\"elementor-element elementor-element-7182bc0 e-con-full e-flex elementor-invisible e-con e-parent\" data-id=\"7182bc0\" data-element_type=\"container\" data-e-type=\"container\" data-settings=\"{&quot;animation&quot;:&quot;lightSpeedIn&quot;}\">\n\t\t\t\t<div class=\"elementor-element elementor-element-f69797c elementor-widget elementor-widget-heading\" data-id=\"f69797c\" data-element_type=\"widget\" data-e-type=\"widget\" data-widget_type=\"heading.default\">\n\t\t\t\t\t<h2 class=\"elementor-heading-title elementor-size-default\">Presidente \ud83c\udf96\ufe0f<\/h2>\t\t\t\t<\/div>\n\t\t\t\t<\/div>\n\t\t<div class=\"elementor-element elementor-element-6ad643d e-con-full e-flex e-con e-parent\" data-id=\"6ad643d\" data-element_type=\"container\" data-e-type=\"container\">\n\t\t<div class=\"elementor-element elementor-element-8a33c0c e-con-full e-flex e-con e-child\" data-id=\"8a33c0c\" data-element_type=\"container\" data-e-type=\"container\">\n\t\t<div class=\"elementor-element elementor-element-cc6dbc5 e-con-full e-flex e-con e-child\" data-id=\"cc6dbc5\" data-element_type=\"container\" data-e-type=\"container\">\n\t\t\t\t<div class=\"elementor-element elementor-element-cc1457b elementor-widget__width-initial elementor-invisible elementor-widget elementor-widget-image\" data-id=\"cc1457b\" data-element_type=\"widget\" data-e-type=\"widget\" data-settings=\"{&quot;_animation&quot;:&quot;fadeInLeft&quot;}\" data-widget_type=\"image.default\">\n\t\t\t\t\t\t\t\t\t\t\t\t\t\t\t<img fetchpriority=\"high\" decoding=\"async\" width=\"321\" height=\"624\" src=\"https:\/\/www.uefsanantonio.com\/wp-content\/uploads\/2026\/04\/presi.png\" class=\"elementor-animation-shrink attachment-large size-large wp-image-2871\" alt=\"\" srcset=\"https:\/\/www.uefsanantonio.com\/wp-content\/uploads\/2026\/04\/presi.png 321w, https:\/\/www.uefsanantonio.com\/wp-content\/uploads\/2026\/04\/presi-154x300.png 154w\" sizes=\"(max-width: 321px) 100vw, 321px\" \/>\t\t\t\t\t\t\t\t\t\t\t\t\t\t\t<\/div>\n\t\t\t\t<\/div>\n\t\t\t\t<\/div>\n\t\t\t\t<div class=\"elementor-element elementor-element-ee3a08a elementor-widget__width-initial elementor-invisible elementor-widget elementor-widget-text-editor\" data-id=\"ee3a08a\" data-element_type=\"widget\" data-e-type=\"widget\" data-settings=\"{&quot;_animation&quot;:&quot;fadeInRight&quot;}\" data-widget_type=\"text-editor.default\">\n\t\t\t\t\t\t\t\t\t<p>El 12 de noviembre se llev\u00f3 a cabo la tradicional procesi\u00f3n del consejo estudiantil per\u00edodo 2025\u20132026, siendo elegido como presidente <strong>el joven Juan Pablo Gonz\u00e1lez Pacheco<\/strong>. Este evento, lleno de entusiasmo y participaci\u00f3n, reuni\u00f3 a estudiantes, docentes y autoridades de la instituci\u00f3n, quienes se unieron para compartir un momento de integraci\u00f3n y se desarroll\u00f3 en un ambiente de respeto y alegr\u00eda, destacando el compromiso del consejo estudiantil con su nueva responsabilidad y el fortalecimiento de las tradiciones escolares. Sin duda, fue una jornada significativa que dej\u00f3 gratos recuerdos en todos los presentes y reafirm\u00f3 la importancia del trabajo en equipo y la convivencia dentro de la comunidad educativa.\u00a0\u00a0\u00a0\u00a0\u00a0\u00a0\u00a0\u00a0\u00a0\u00a0\u00a0\u00a0\u00a0\u00a0\u00a0\u00a0\u00a0\u00a0\u00a0\u00a0\u00a0\u00a0\u00a0\u00a0\u00a0\u00a0\u00a0\u00a0\u00a0\u00a0\u00a0\u00a0\u00a0\u00a0\u00a0\u00a0\u00a0\u00a0\u00a0\u00a0\u00a0\u00a0\u00a0\u00a0\u00a0\u00a0\u00a0\u00a0\u00a0\u00a0\u00a0\u00a0\u00a0\u00a0\u00a0\u00a0\u00a0\u00a0\u00a0\u00a0\u00a0\u00a0\u00a0\u00a0\u00a0\u00a0<\/p>\t\t\t\t\t\t\t\t<\/div>\n\t\t\t\t<\/div>\n\t\t<div class=\"elementor-element elementor-element-5259855 e-flex e-con-boxed e-con e-parent\" data-id=\"5259855\" data-element_type=\"container\" data-e-type=\"container\">\n\t\t\t\t\t<div class=\"e-con-inner\">\n\t\t\t\t<div class=\"elementor-element elementor-element-724e5d9 elementor-widget-divider--view-line elementor-widget elementor-widget-divider\" data-id=\"724e5d9\" data-element_type=\"widget\" data-e-type=\"widget\" data-widget_type=\"divider.default\">\n\t\t\t\t\t\t\t<div class=\"elementor-divider\">\n\t\t\t<span class=\"elementor-divider-separator\">\n\t\t\t\t\t\t<\/span>\n\t\t<\/div>\n\t\t\t\t\t\t<\/div>\n\t\t\t\t\t<\/div>\n\t\t\t\t<\/div>\n\t\t<div class=\"elementor-element elementor-element-67703a6 e-con-full e-flex e-con e-parent\" data-id=\"67703a6\" data-element_type=\"container\" data-e-type=\"container\">\n\t\t<div class=\"elementor-element elementor-element-6e1587f e-con-full e-flex e-con e-child\" data-id=\"6e1587f\" data-element_type=\"container\" data-e-type=\"container\">\n\t\t\t\t<div class=\"elementor-element elementor-element-75b5743 elementor-widget__width-initial elementor-invisible elementor-widget elementor-widget-image\" data-id=\"75b5743\" data-element_type=\"widget\" data-e-type=\"widget\" data-settings=\"{&quot;_animation&quot;:&quot;fadeInLeft&quot;}\" data-widget_type=\"image.default\">\n\t\t\t\t\t\t\t\t\t\t\t\t\t\t\t<img decoding=\"async\" width=\"273\" height=\"501\" src=\"https:\/\/www.uefsanantonio.com\/wp-content\/uploads\/2026\/04\/vice.png\" class=\"elementor-animation-shrink attachment-large size-large wp-image-2890\" alt=\"\" srcset=\"https:\/\/www.uefsanantonio.com\/wp-content\/uploads\/2026\/04\/vice.png 273w, https:\/\/www.uefsanantonio.com\/wp-content\/uploads\/2026\/04\/vice-163x300.png 163w\" sizes=\"(max-width: 273px) 100vw, 273px\" \/>\t\t\t\t\t\t\t\t\t\t\t\t\t\t\t<\/div>\n\t\t\t\t<\/div>\n\t\t<div class=\"elementor-element elementor-element-20efb91 e-con-full e-flex e-con e-child\" data-id=\"20efb91\" data-element_type=\"container\" data-e-type=\"container\">\n\t\t\t\t<div class=\"elementor-element elementor-element-057b14e elementor-widget__width-initial elementor-invisible elementor-widget elementor-widget-text-editor\" data-id=\"057b14e\" data-element_type=\"widget\" data-e-type=\"widget\" data-settings=\"{&quot;_animation&quot;:&quot;fadeInRight&quot;}\" data-widget_type=\"text-editor.default\">\n\t\t\t\t\t\t\t\t\t<p><strong>Vicepresidenta del consejo estudiantil.<\/strong><\/p><p>Se\u00f1orita Sarango Ramo Nicoll Estefan\u00eda<\/p>\t\t\t\t\t\t\t\t<\/div>\n\t\t\t\t<\/div>\n\t\t\t\t<\/div>\n\t\t<div class=\"elementor-element elementor-element-07edda8 e-con-full e-flex e-con e-parent\" data-id=\"07edda8\" data-element_type=\"container\" data-e-type=\"container\">\n\t\t<div class=\"elementor-element elementor-element-df021e4 e-con-full e-flex e-con e-child\" data-id=\"df021e4\" data-element_type=\"container\" data-e-type=\"container\">\n\t\t\t\t<div class=\"elementor-element elementor-element-af6efd0 elementor-widget__width-initial elementor-invisible elementor-widget elementor-widget-image\" data-id=\"af6efd0\" data-element_type=\"widget\" data-e-type=\"widget\" data-settings=\"{&quot;_animation&quot;:&quot;fadeInLeft&quot;}\" data-widget_type=\"image.default\">\n\t\t\t\t\t\t\t\t\t\t\t\t\t\t\t<img decoding=\"async\" width=\"282\" height=\"492\" src=\"https:\/\/www.uefsanantonio.com\/wp-content\/uploads\/2026\/04\/secre.png\" class=\"elementor-animation-shrink attachment-large size-large wp-image-2891\" alt=\"\" srcset=\"https:\/\/www.uefsanantonio.com\/wp-content\/uploads\/2026\/04\/secre.png 282w, https:\/\/www.uefsanantonio.com\/wp-content\/uploads\/2026\/04\/secre-172x300.png 172w\" sizes=\"(max-width: 282px) 100vw, 282px\" \/>\t\t\t\t\t\t\t\t\t\t\t\t\t\t\t<\/div>\n\t\t\t\t<\/div>\n\t\t<div class=\"elementor-element elementor-element-deb953e e-con-full e-flex e-con e-child\" data-id=\"deb953e\" data-element_type=\"container\" data-e-type=\"container\">\n\t\t\t\t<div class=\"elementor-element elementor-element-2a60c4f elementor-widget__width-initial elementor-invisible elementor-widget elementor-widget-text-editor\" data-id=\"2a60c4f\" data-element_type=\"widget\" data-e-type=\"widget\" data-settings=\"{&quot;_animation&quot;:&quot;fadeInRight&quot;}\" data-widget_type=\"text-editor.default\">\n\t\t\t\t\t\t\t\t\t<p><strong>Secretario del consejo estudiantil .<\/strong><\/p><p>Joven Cabrera Armijos Ramiro Patricio.<\/p>\t\t\t\t\t\t\t\t<\/div>\n\t\t\t\t<\/div>\n\t\t\t\t<\/div>\n\t\t<div class=\"elementor-element elementor-element-f3a9162 e-con-full e-flex e-con e-parent\" data-id=\"f3a9162\" data-element_type=\"container\" data-e-type=\"container\">\n\t\t<div class=\"elementor-element elementor-element-6742f54 e-con-full e-flex e-con e-child\" data-id=\"6742f54\" data-element_type=\"container\" data-e-type=\"container\">\n\t\t\t\t<div class=\"elementor-element elementor-element-6f6f6e0 elementor-widget__width-initial elementor-invisible elementor-widget elementor-widget-image\" data-id=\"6f6f6e0\" data-element_type=\"widget\" data-e-type=\"widget\" data-settings=\"{&quot;_animation&quot;:&quot;fadeInLeft&quot;}\" data-widget_type=\"image.default\">\n\t\t\t\t\t\t\t\t\t\t\t\t\t\t\t<img loading=\"lazy\" decoding=\"async\" width=\"291\" height=\"528\" src=\"https:\/\/www.uefsanantonio.com\/wp-content\/uploads\/2026\/04\/teso.png\" class=\"elementor-animation-shrink attachment-large size-large wp-image-2892\" alt=\"\" srcset=\"https:\/\/www.uefsanantonio.com\/wp-content\/uploads\/2026\/04\/teso.png 291w, https:\/\/www.uefsanantonio.com\/wp-content\/uploads\/2026\/04\/teso-165x300.png 165w\" sizes=\"(max-width: 291px) 100vw, 291px\" \/>\t\t\t\t\t\t\t\t\t\t\t\t\t\t\t<\/div>\n\t\t\t\t<\/div>\n\t\t<div class=\"elementor-element elementor-element-cc5eaeb e-con-full e-flex e-con e-child\" data-id=\"cc5eaeb\" data-element_type=\"container\" data-e-type=\"container\">\n\t\t\t\t<div class=\"elementor-element elementor-element-c0709a5 elementor-widget__width-initial elementor-invisible elementor-widget elementor-widget-text-editor\" data-id=\"c0709a5\" data-element_type=\"widget\" data-e-type=\"widget\" data-settings=\"{&quot;_animation&quot;:&quot;fadeInRight&quot;}\" data-widget_type=\"text-editor.default\">\n\t\t\t\t\t\t\t\t\t<p><strong>Tesorera del consejo estudiantil.<\/strong><\/p><p>Se\u00f1orita Luz\u00f3n Tapia Mar\u00eda Fernanda.<\/p>\t\t\t\t\t\t\t\t<\/div>\n\t\t\t\t<\/div>\n\t\t\t\t<\/div>\n\t\t<div class=\"elementor-element elementor-element-b2c9ece e-con-full e-flex e-con e-parent\" data-id=\"b2c9ece\" data-element_type=\"container\" data-e-type=\"container\">\n\t\t<div class=\"elementor-element elementor-element-df835ea e-con-full e-flex e-con e-child\" data-id=\"df835ea\" data-element_type=\"container\" data-e-type=\"container\">\n\t\t\t\t<div class=\"elementor-element elementor-element-fbf26e8 elementor-widget__width-initial elementor-invisible elementor-widget elementor-widget-image\" data-id=\"fbf26e8\" data-element_type=\"widget\" data-e-type=\"widget\" data-settings=\"{&quot;_animation&quot;:&quot;fadeInLeft&quot;}\" data-widget_type=\"image.default\">\n\t\t\t\t\t\t\t\t\t\t\t\t\t\t\t<img loading=\"lazy\" decoding=\"async\" width=\"315\" height=\"573\" src=\"https:\/\/www.uefsanantonio.com\/wp-content\/uploads\/2026\/04\/Pvocal.png\" class=\"elementor-animation-shrink attachment-large size-large wp-image-2893\" alt=\"\" srcset=\"https:\/\/www.uefsanantonio.com\/wp-content\/uploads\/2026\/04\/Pvocal.png 315w, https:\/\/www.uefsanantonio.com\/wp-content\/uploads\/2026\/04\/Pvocal-165x300.png 165w\" sizes=\"(max-width: 315px) 100vw, 315px\" \/>\t\t\t\t\t\t\t\t\t\t\t\t\t\t\t<\/div>\n\t\t\t\t<\/div>\n\t\t<div class=\"elementor-element elementor-element-be4d395 e-con-full e-flex e-con e-child\" data-id=\"be4d395\" data-element_type=\"container\" data-e-type=\"container\">\n\t\t\t\t<div class=\"elementor-element elementor-element-b521752 elementor-widget__width-initial elementor-invisible elementor-widget elementor-widget-text-editor\" data-id=\"b521752\" data-element_type=\"widget\" data-e-type=\"widget\" data-settings=\"{&quot;_animation&quot;:&quot;fadeInRight&quot;}\" data-widget_type=\"text-editor.default\">\n\t\t\t\t\t\t\t\t\t<p><strong>Primer vocal\u00a0 principal.<\/strong><\/p><p>Joven Jhordin Alan Silva Salinas.<\/p>\t\t\t\t\t\t\t\t<\/div>\n\t\t\t\t<\/div>\n\t\t\t\t<\/div>\n\t\t<div class=\"elementor-element elementor-element-16598df e-con-full e-flex e-con e-parent\" data-id=\"16598df\" data-element_type=\"container\" data-e-type=\"container\">\n\t\t<div class=\"elementor-element elementor-element-c336327 e-con-full e-flex e-con e-child\" data-id=\"c336327\" data-element_type=\"container\" data-e-type=\"container\">\n\t\t\t\t<div class=\"elementor-element elementor-element-77a3f96 elementor-widget__width-initial elementor-invisible elementor-widget elementor-widget-image\" data-id=\"77a3f96\" data-element_type=\"widget\" data-e-type=\"widget\" data-settings=\"{&quot;_animation&quot;:&quot;fadeInLeft&quot;}\" data-widget_type=\"image.default\">\n\t\t\t\t\t\t\t\t\t\t\t\t\t\t\t<img loading=\"lazy\" decoding=\"async\" width=\"1024\" height=\"768\" src=\"https:\/\/www.uefsanantonio.com\/wp-content\/uploads\/2026\/04\/todos-1024x768.jpg\" class=\"elementor-animation-shrink attachment-large size-large wp-image-2910\" alt=\"\" srcset=\"https:\/\/www.uefsanantonio.com\/wp-content\/uploads\/2026\/04\/todos-1024x768.jpg 1024w, https:\/\/www.uefsanantonio.com\/wp-content\/uploads\/2026\/04\/todos-300x225.jpg 300w, https:\/\/www.uefsanantonio.com\/wp-content\/uploads\/2026\/04\/todos-768x576.jpg 768w, https:\/\/www.uefsanantonio.com\/wp-content\/uploads\/2026\/04\/todos.jpg 1280w\" sizes=\"(max-width: 1024px) 100vw, 1024px\" \/>\t\t\t\t\t\t\t\t\t\t\t\t\t\t\t<\/div>\n\t\t\t\t<\/div>\n\t\t<div class=\"elementor-element elementor-element-710a176 e-con-full e-flex e-con e-child\" data-id=\"710a176\" data-element_type=\"container\" data-e-type=\"container\">\n\t\t\t\t<div class=\"elementor-element elementor-element-130f7ea elementor-widget__width-initial elementor-invisible elementor-widget elementor-widget-text-editor\" data-id=\"130f7ea\" data-element_type=\"widget\" data-e-type=\"widget\" data-settings=\"{&quot;_animation&quot;:&quot;fadeInRight&quot;}\" data-widget_type=\"text-editor.default\">\n\t\t\t\t\t\t\t\t\t<p><strong>Segunda vocal.\u00a0<\/strong><\/p><p>Se\u00f1orita Erazo Gonz\u00e1lez Mar\u00eda Antonia\u00a0<\/p><p><strong>Tercera\u00a0vocal.<\/strong><\/p><p>Se\u00f1orita Salinas Gonz\u00e1lez Amira Celeste<\/p><p><strong>Primer vocal\u00a0suplente.\u00a0\u00a0<\/strong><\/p><p>Ni\u00f1o Salazar Pineda Darling Sebasti\u00e1n<\/p><p><strong>Segunda vocal suplente.<\/strong><\/p><p>Se\u00f1orita Murillo Cueva Selena Yanet<\/p><p><strong>Tercer vocal suplente.\u00a0\u00a0<\/strong><\/p><p>Joven Pacheco Pineda Edgar Patricio<\/p>\t\t\t\t\t\t\t\t<\/div>\n\t\t\t\t<\/div>\n\t\t\t\t<\/div>\n\t\t<div class=\"elementor-element elementor-element-303fc6c e-flex e-con-boxed e-con e-parent\" data-id=\"303fc6c\" data-element_type=\"container\" data-e-type=\"container\">\n\t\t\t\t\t<div class=\"e-con-inner\">\n\t\t\t\t<div class=\"elementor-element elementor-element-e831271 elementor-widget-divider--view-line elementor-widget elementor-widget-divider\" data-id=\"e831271\" data-element_type=\"widget\" data-e-type=\"widget\" data-widget_type=\"divider.default\">\n\t\t\t\t\t\t\t<div class=\"elementor-divider\">\n\t\t\t<span class=\"elementor-divider-separator\">\n\t\t\t\t\t\t<\/span>\n\t\t<\/div>\n\t\t\t\t\t\t<\/div>\n\t\t\t\t\t<\/div>\n\t\t\t\t<\/div>\n\t\t\t\t<\/div>\n\t\t","protected":false},"excerpt":{"rendered":"<p>2025 &#8211; 2026 &#x1f5d3;&#xfe0f; El d\u00eda 7 de\u00a0Noviembre\u00a0del 2025 se llev\u00f3 a cabo la reuni\u00f3n electoral luego de que se\u00a0halla\u00a0realizado el proceso de sufragio y ante delegados de las listas para contabilizaci\u00f3n de\u00a0datos la\u00a0lista A (J.A.C) Juventud Antoniana por el cambio liderado por el joven Gonz\u00e1les Pacheco Juan Pablo contando con 55\u00a0votos.\u00a0 La lista B [&hellip;]<\/p>\n","protected":false},"author":1,"featured_media":0,"parent":0,"menu_order":0,"comment_status":"closed","ping_status":"closed","template":"","meta":{"footnotes":""},"class_list":["post-55","page","type-page","status-publish","hentry"],"_links":{"self":[{"href":"https:\/\/www.uefsanantonio.com\/index.php?rest_route=\/wp\/v2\/pages\/55","targetHints":{"allow":["GET"]}}],"collection":[{"href":"https:\/\/www.uefsanantonio.com\/index.php?rest_route=\/wp\/v2\/pages"}],"about":[{"href":"https:\/\/www.uefsanantonio.com\/index.php?rest_route=\/wp\/v2\/types\/page"}],"author":[{"embeddable":true,"href":"https:\/\/www.uefsanantonio.com\/index.php?rest_route=\/wp\/v2\/users\/1"}],"replies":[{"embeddable":true,"href":"https:\/\/www.uefsanantonio.com\/index.php?rest_route=%2Fwp%2Fv2%2Fcomments&post=55"}],"version-history":[{"count":76,"href":"https:\/\/www.uefsanantonio.com\/index.php?rest_route=\/wp\/v2\/pages\/55\/revisions"}],"predecessor-version":[{"id":2957,"href":"https:\/\/www.uefsanantonio.com\/index.php?rest_route=\/wp\/v2\/pages\/55\/revisions\/2957"}],"wp:attachment":[{"href":"https:\/\/www.uefsanantonio.com\/index.php?rest_route=%2Fwp%2Fv2%2Fmedia&parent=55"}],"curies":[{"name":"wp","href":"https:\/\/api.w.org\/{rel}","templated":true}]}}