{"id":583,"date":"2026-03-16T23:07:31","date_gmt":"2026-03-16T23:07:31","guid":{"rendered":"https:\/\/www.uefsanantonio.com\/?page_id=583"},"modified":"2026-04-01T13:48:06","modified_gmt":"2026-04-01T13:48:06","slug":"emblemas","status":"publish","type":"page","link":"https:\/\/www.uefsanantonio.com\/?page_id=583","title":{"rendered":"Emblemas"},"content":{"rendered":"\t\t<div data-elementor-type=\"wp-page\" data-elementor-id=\"583\" class=\"elementor elementor-583\">\n\t\t\t\t<div class=\"elementor-element elementor-element-30b40d7 e-con-full e-flex e-con e-parent\" data-id=\"30b40d7\" data-element_type=\"container\" data-e-type=\"container\">\n\t\t\t\t<div class=\"elementor-element elementor-element-335a558 elementor-widget__width-initial elementor-invisible elementor-widget elementor-widget-image\" data-id=\"335a558\" data-element_type=\"widget\" data-e-type=\"widget\" data-settings=\"{&quot;_animation&quot;:&quot;fadeInDown&quot;}\" data-widget_type=\"image.default\">\n\t\t\t\t\t\t\t\t\t\t\t\t\t\t\t<img fetchpriority=\"high\" decoding=\"async\" width=\"960\" height=\"540\" src=\"https:\/\/www.uefsanantonio.com\/wp-content\/uploads\/2026\/03\/1.png\" class=\"elementor-animation-shrink attachment-large size-large wp-image-1185\" alt=\"\" srcset=\"https:\/\/www.uefsanantonio.com\/wp-content\/uploads\/2026\/03\/1.png 960w, https:\/\/www.uefsanantonio.com\/wp-content\/uploads\/2026\/03\/1-300x169.png 300w, https:\/\/www.uefsanantonio.com\/wp-content\/uploads\/2026\/03\/1-768x432.png 768w\" sizes=\"(max-width: 960px) 100vw, 960px\" \/>\t\t\t\t\t\t\t\t\t\t\t\t\t\t\t<\/div>\n\t\t\t\t<\/div>\n\t\t<div class=\"elementor-element elementor-element-8c8ebbf e-flex e-con-boxed e-con e-parent\" data-id=\"8c8ebbf\" data-element_type=\"container\" data-e-type=\"container\">\n\t\t\t\t\t<div class=\"e-con-inner\">\n\t\t\t\t<div class=\"elementor-element elementor-element-14144fb elementor-widget-divider--view-line elementor-widget elementor-widget-divider\" data-id=\"14144fb\" data-element_type=\"widget\" data-e-type=\"widget\" data-widget_type=\"divider.default\">\n\t\t\t\t\t\t\t<div class=\"elementor-divider\">\n\t\t\t<span class=\"elementor-divider-separator\">\n\t\t\t\t\t\t<\/span>\n\t\t<\/div>\n\t\t\t\t\t\t<\/div>\n\t\t\t\t\t<\/div>\n\t\t\t\t<\/div>\n\t\t<div class=\"elementor-element elementor-element-78e59fd e-con-full e-flex e-con e-parent\" data-id=\"78e59fd\" data-element_type=\"container\" data-e-type=\"container\">\n\t\t\t\t<div class=\"elementor-element elementor-element-598063d elementor-invisible elementor-widget elementor-widget-heading\" data-id=\"598063d\" data-element_type=\"widget\" data-e-type=\"widget\" data-settings=\"{&quot;_animation&quot;:&quot;lightSpeedIn&quot;}\" data-widget_type=\"heading.default\">\n\t\t\t\t\t<h2 class=\"elementor-heading-title elementor-size-default\">Escudo Institucional<\/h2>\t\t\t\t<\/div>\n\t\t\t\t<\/div>\n\t\t<div class=\"elementor-element elementor-element-2d1f293 e-con-full e-flex e-con e-parent\" data-id=\"2d1f293\" data-element_type=\"container\" data-e-type=\"container\">\n\t\t<div class=\"elementor-element elementor-element-f45ef9e e-con-full e-flex e-con e-child\" data-id=\"f45ef9e\" data-element_type=\"container\" data-e-type=\"container\">\n\t\t\t\t<div class=\"elementor-element elementor-element-73e765e elementor-widget__width-initial elementor-invisible elementor-widget elementor-widget-image\" data-id=\"73e765e\" data-element_type=\"widget\" data-e-type=\"widget\" data-settings=\"{&quot;_animation&quot;:&quot;fadeInLeft&quot;}\" data-widget_type=\"image.default\">\n\t\t\t\t\t\t\t\t\t\t\t\t\t\t\t<img decoding=\"async\" width=\"927\" height=\"1017\" src=\"https:\/\/www.uefsanantonio.com\/wp-content\/uploads\/2026\/03\/WhatsApp-Image-2026-03-12-at-9.46.51-AM.jpeg\" class=\"elementor-animation-shrink attachment-large size-large wp-image-346\" alt=\"\" srcset=\"https:\/\/www.uefsanantonio.com\/wp-content\/uploads\/2026\/03\/WhatsApp-Image-2026-03-12-at-9.46.51-AM.jpeg 927w, https:\/\/www.uefsanantonio.com\/wp-content\/uploads\/2026\/03\/WhatsApp-Image-2026-03-12-at-9.46.51-AM-273x300.jpeg 273w, https:\/\/www.uefsanantonio.com\/wp-content\/uploads\/2026\/03\/WhatsApp-Image-2026-03-12-at-9.46.51-AM-768x843.jpeg 768w\" sizes=\"(max-width: 927px) 100vw, 927px\" \/>\t\t\t\t\t\t\t\t\t\t\t\t\t\t\t<\/div>\n\t\t\t\t<\/div>\n\t\t<div class=\"elementor-element elementor-element-24c7673 e-con-full e-flex e-con e-child\" data-id=\"24c7673\" data-element_type=\"container\" data-e-type=\"container\">\n\t\t\t\t<div class=\"elementor-element elementor-element-d43b0ee elementor-widget__width-initial elementor-invisible elementor-widget elementor-widget-text-editor\" data-id=\"d43b0ee\" data-element_type=\"widget\" data-e-type=\"widget\" data-settings=\"{&quot;_animation&quot;:&quot;fadeInRight&quot;}\" data-widget_type=\"text-editor.default\">\n\t\t\t\t\t\t\t\t\t<p data-path-to-node=\"6\">Es el heraldo de nuestra identidad. En su dise\u00f1o destacan elementos que simbolizan:<\/p><ul data-path-to-node=\"7\"><li><p data-path-to-node=\"7,0,0\"><b data-path-to-node=\"7,0,0\" data-index-in-node=\"0\">El Saber y la Luz:<\/b> Representados por el libro abierto y la antorcha, que gu\u00edan el camino del aprendizaje.<\/p><\/li><li><p data-path-to-node=\"7,1,0\"><b data-path-to-node=\"7,1,0\" data-index-in-node=\"0\">El Entorno Natural:<\/b> Los colores verde y azul rinden homenaje a la riqueza geogr\u00e1fica y la serenidad de nuestra parroquia.<\/p><\/li><li><p data-path-to-node=\"7,2,0\"><b data-path-to-node=\"7,2,0\" data-index-in-node=\"0\">La Victoria Acad\u00e9mica:<\/b> Enmarcado por ramas de laurel que simbolizan el triunfo, el honor y la perseverancia de nuestros estudiantes.<\/p><\/li><\/ul>\t\t\t\t\t\t\t\t<\/div>\n\t\t\t\t<\/div>\n\t\t\t\t<\/div>\n\t\t<div class=\"elementor-element elementor-element-ccc2d7b e-flex e-con-boxed e-con e-parent\" data-id=\"ccc2d7b\" data-element_type=\"container\" data-e-type=\"container\">\n\t\t\t\t\t<div class=\"e-con-inner\">\n\t\t\t\t<div class=\"elementor-element elementor-element-294f812 elementor-widget-divider--view-line elementor-widget elementor-widget-divider\" data-id=\"294f812\" data-element_type=\"widget\" data-e-type=\"widget\" data-widget_type=\"divider.default\">\n\t\t\t\t\t\t\t<div class=\"elementor-divider\">\n\t\t\t<span class=\"elementor-divider-separator\">\n\t\t\t\t\t\t<\/span>\n\t\t<\/div>\n\t\t\t\t\t\t<\/div>\n\t\t\t\t\t<\/div>\n\t\t\t\t<\/div>\n\t\t<div class=\"elementor-element elementor-element-2046dae e-con-full e-flex e-con e-parent\" data-id=\"2046dae\" data-element_type=\"container\" data-e-type=\"container\">\n\t\t\t\t<div class=\"elementor-element elementor-element-e6e3105 elementor-invisible elementor-widget elementor-widget-heading\" data-id=\"e6e3105\" data-element_type=\"widget\" data-e-type=\"widget\" data-settings=\"{&quot;_animation&quot;:&quot;lightSpeedIn&quot;}\" data-widget_type=\"heading.default\">\n\t\t\t\t\t<h2 class=\"elementor-heading-title elementor-size-default\">Estandarte<\/h2>\t\t\t\t<\/div>\n\t\t\t\t<\/div>\n\t\t<div class=\"elementor-element elementor-element-75bb540 e-con-full e-flex e-con e-parent\" data-id=\"75bb540\" data-element_type=\"container\" data-e-type=\"container\">\n\t\t<div class=\"elementor-element elementor-element-30a3a9d e-con-full e-flex e-con e-child\" data-id=\"30a3a9d\" data-element_type=\"container\" data-e-type=\"container\">\n\t\t\t\t<div class=\"elementor-element elementor-element-f2c59e7 elementor-invisible elementor-widget elementor-widget-image\" data-id=\"f2c59e7\" data-element_type=\"widget\" data-e-type=\"widget\" data-settings=\"{&quot;_animation&quot;:&quot;fadeInLeft&quot;}\" data-widget_type=\"image.default\">\n\t\t\t\t\t\t\t\t\t\t\t\t\t\t\t<img decoding=\"async\" width=\"1024\" height=\"722\" src=\"https:\/\/www.uefsanantonio.com\/wp-content\/uploads\/2026\/03\/WhatsApp-Image-2026-03-12-at-9.46.50-AM-1024x722.jpeg\" class=\"elementor-animation-shrink attachment-large size-large wp-image-345\" alt=\"\" srcset=\"https:\/\/www.uefsanantonio.com\/wp-content\/uploads\/2026\/03\/WhatsApp-Image-2026-03-12-at-9.46.50-AM-1024x722.jpeg 1024w, https:\/\/www.uefsanantonio.com\/wp-content\/uploads\/2026\/03\/WhatsApp-Image-2026-03-12-at-9.46.50-AM-300x211.jpeg 300w, https:\/\/www.uefsanantonio.com\/wp-content\/uploads\/2026\/03\/WhatsApp-Image-2026-03-12-at-9.46.50-AM-768x541.jpeg 768w, https:\/\/www.uefsanantonio.com\/wp-content\/uploads\/2026\/03\/WhatsApp-Image-2026-03-12-at-9.46.50-AM.jpeg 1125w\" sizes=\"(max-width: 1024px) 100vw, 1024px\" \/>\t\t\t\t\t\t\t\t\t\t\t\t\t\t\t<\/div>\n\t\t\t\t<\/div>\n\t\t<div class=\"elementor-element elementor-element-76c83a8 e-con-full e-flex e-con e-child\" data-id=\"76c83a8\" data-element_type=\"container\" data-e-type=\"container\">\n\t\t\t\t<div class=\"elementor-element elementor-element-365329e elementor-invisible elementor-widget elementor-widget-text-editor\" data-id=\"365329e\" data-element_type=\"widget\" data-e-type=\"widget\" data-settings=\"{&quot;_animation&quot;:&quot;fadeInRight&quot;}\" data-widget_type=\"text-editor.default\">\n\t\t\t\t\t\t\t\t\t<p data-path-to-node=\"9\">Nuestra bandera ondea con orgullo los colores institucionales:<\/p><ul data-path-to-node=\"10\"><li><p data-path-to-node=\"10,0,0\"><b data-path-to-node=\"10,0,0\" data-index-in-node=\"0\">Verde:<\/b> Simboliza la esperanza, el crecimiento constante de nuestros alumnos y el respeto por la naturaleza.<\/p><\/li><li><p data-path-to-node=\"10,1,0\"><b data-path-to-node=\"10,1,0\" data-index-in-node=\"0\">Blanco:<\/b> Representa la transparencia, la paz y la pureza de intenci\u00f3n en nuestra labor educativa.<\/p><\/li><li><p data-path-to-node=\"10,2,0\"><b data-path-to-node=\"10,2,0\" data-index-in-node=\"0\">Azul:<\/b> Refleja la profundidad del conocimiento, la lealtad y la estabilidad de nuestra comunidad.<\/p><\/li><\/ul>\t\t\t\t\t\t\t\t<\/div>\n\t\t\t\t<\/div>\n\t\t\t\t<\/div>\n\t\t<div class=\"elementor-element elementor-element-3c360c7 e-flex e-con-boxed e-con e-parent\" data-id=\"3c360c7\" data-element_type=\"container\" data-e-type=\"container\">\n\t\t\t\t\t<div class=\"e-con-inner\">\n\t\t\t\t<div class=\"elementor-element elementor-element-167690e elementor-widget-divider--view-line elementor-widget elementor-widget-divider\" data-id=\"167690e\" data-element_type=\"widget\" data-e-type=\"widget\" data-widget_type=\"divider.default\">\n\t\t\t\t\t\t\t<div class=\"elementor-divider\">\n\t\t\t<span class=\"elementor-divider-separator\">\n\t\t\t\t\t\t<\/span>\n\t\t<\/div>\n\t\t\t\t\t\t<\/div>\n\t\t\t\t\t<\/div>\n\t\t\t\t<\/div>\n\t\t\t\t<\/div>\n\t\t","protected":false},"excerpt":{"rendered":"<p>Escudo Institucional Es el heraldo de nuestra identidad. En su dise\u00f1o destacan elementos que simbolizan: El Saber y la Luz: Representados por el libro abierto y la antorcha, que gu\u00edan el camino del aprendizaje. El Entorno Natural: Los colores verde y azul rinden homenaje a la riqueza geogr\u00e1fica y la serenidad de nuestra parroquia. La [&hellip;]<\/p>\n","protected":false},"author":1,"featured_media":0,"parent":0,"menu_order":0,"comment_status":"closed","ping_status":"closed","template":"","meta":{"footnotes":""},"class_list":["post-583","page","type-page","status-publish","hentry"],"_links":{"self":[{"href":"https:\/\/www.uefsanantonio.com\/index.php?rest_route=\/wp\/v2\/pages\/583","targetHints":{"allow":["GET"]}}],"collection":[{"href":"https:\/\/www.uefsanantonio.com\/index.php?rest_route=\/wp\/v2\/pages"}],"about":[{"href":"https:\/\/www.uefsanantonio.com\/index.php?rest_route=\/wp\/v2\/types\/page"}],"author":[{"embeddable":true,"href":"https:\/\/www.uefsanantonio.com\/index.php?rest_route=\/wp\/v2\/users\/1"}],"replies":[{"embeddable":true,"href":"https:\/\/www.uefsanantonio.com\/index.php?rest_route=%2Fwp%2Fv2%2Fcomments&post=583"}],"version-history":[{"count":73,"href":"https:\/\/www.uefsanantonio.com\/index.php?rest_route=\/wp\/v2\/pages\/583\/revisions"}],"predecessor-version":[{"id":2750,"href":"https:\/\/www.uefsanantonio.com\/index.php?rest_route=\/wp\/v2\/pages\/583\/revisions\/2750"}],"wp:attachment":[{"href":"https:\/\/www.uefsanantonio.com\/index.php?rest_route=%2Fwp%2Fv2%2Fmedia&parent=583"}],"curies":[{"name":"wp","href":"https:\/\/api.w.org\/{rel}","templated":true}]}}