{"id":629,"date":"2026-03-23T16:08:31","date_gmt":"2026-03-23T16:08:31","guid":{"rendered":"https:\/\/www.uefsanantonio.com\/?page_id=629"},"modified":"2026-04-01T13:42:40","modified_gmt":"2026-04-01T13:42:40","slug":"himno","status":"publish","type":"page","link":"https:\/\/www.uefsanantonio.com\/?page_id=629","title":{"rendered":"Himno"},"content":{"rendered":"\t\t<div data-elementor-type=\"wp-page\" data-elementor-id=\"629\" class=\"elementor elementor-629\">\n\t\t\t\t<div class=\"elementor-element elementor-element-6f669b9 e-flex e-con-boxed e-con e-parent\" data-id=\"6f669b9\" data-element_type=\"container\" data-e-type=\"container\">\n\t\t\t\t\t<div class=\"e-con-inner\">\n\t\t\t\t<div class=\"elementor-element elementor-element-7666339 elementor-widget-divider--view-line elementor-widget elementor-widget-divider\" data-id=\"7666339\" data-element_type=\"widget\" data-e-type=\"widget\" data-widget_type=\"divider.default\">\n\t\t\t\t\t\t\t<div class=\"elementor-divider\">\n\t\t\t<span class=\"elementor-divider-separator\">\n\t\t\t\t\t\t<\/span>\n\t\t<\/div>\n\t\t\t\t\t\t<\/div>\n\t\t\t\t\t<\/div>\n\t\t\t\t<\/div>\n\t\t<div class=\"elementor-element elementor-element-332fcfc e-con-full e-flex e-con e-parent\" data-id=\"332fcfc\" data-element_type=\"container\" data-e-type=\"container\">\n\t\t\t\t<div class=\"elementor-element elementor-element-dc4d0d4 elementor-invisible elementor-widget elementor-widget-heading\" data-id=\"dc4d0d4\" data-element_type=\"widget\" data-e-type=\"widget\" data-settings=\"{&quot;_animation&quot;:&quot;fadeInRight&quot;}\" data-widget_type=\"heading.default\">\n\t\t\t\t\t<h2 class=\"elementor-heading-title elementor-size-default\">Himno Institucional \ud83d\udcdc<\/h2>\t\t\t\t<\/div>\n\t\t\t\t<\/div>\n\t\t<div class=\"elementor-element elementor-element-c811198 e-flex e-con-boxed e-con e-parent\" data-id=\"c811198\" data-element_type=\"container\" data-e-type=\"container\">\n\t\t\t\t\t<div class=\"e-con-inner\">\n\t\t\t\t<div class=\"elementor-element elementor-element-3b8667d elementor-invisible elementor-widget elementor-widget-text-editor\" data-id=\"3b8667d\" data-element_type=\"widget\" data-e-type=\"widget\" data-settings=\"{&quot;_animation&quot;:&quot;fadeInLeft&quot;}\" data-widget_type=\"text-editor.default\">\n\t\t\t\t\t\t\t\t\t<h5 class=\"elementor-heading-title elementor-size-default elementor-inline-editing pen\" contenteditable=\"true\" data-elementor-setting-key=\"title\" data-pen-placeholder=\"Teclea aqu\u00ed...\"><strong>AUTOR: <\/strong>Efr\u00e9n Gustavo Gonz\u00e1lez Ram\u00f3n \u200b<\/h5>\t\t\t\t\t\t\t\t<\/div>\n\t\t\t\t\t<\/div>\n\t\t\t\t<\/div>\n\t\t<div class=\"elementor-element elementor-element-ad1e174 e-flex e-con-boxed e-con e-parent\" data-id=\"ad1e174\" data-element_type=\"container\" data-e-type=\"container\">\n\t\t\t\t\t<div class=\"e-con-inner\">\n\t\t\t\t<div class=\"elementor-element elementor-element-f70868b elementor-widget-divider--view-line elementor-widget elementor-widget-divider\" data-id=\"f70868b\" data-element_type=\"widget\" data-e-type=\"widget\" data-widget_type=\"divider.default\">\n\t\t\t\t\t\t\t<div class=\"elementor-divider\">\n\t\t\t<span class=\"elementor-divider-separator\">\n\t\t\t\t\t\t<\/span>\n\t\t<\/div>\n\t\t\t\t\t\t<\/div>\n\t\t\t\t\t<\/div>\n\t\t\t\t<\/div>\n\t\t<div class=\"elementor-element elementor-element-9be2f56 e-flex e-con-boxed e-con e-parent\" data-id=\"9be2f56\" data-element_type=\"container\" data-e-type=\"container\">\n\t\t\t\t\t<div class=\"e-con-inner\">\n\t\t\t\t<div class=\"elementor-element elementor-element-6aee952 elementor-invisible elementor-widget elementor-widget-image\" data-id=\"6aee952\" data-element_type=\"widget\" data-e-type=\"widget\" data-settings=\"{&quot;_animation&quot;:&quot;zoomIn&quot;}\" data-widget_type=\"image.default\">\n\t\t\t\t\t\t\t\t\t\t\t\t\t\t\t<img fetchpriority=\"high\" decoding=\"async\" width=\"724\" height=\"1024\" src=\"https:\/\/www.uefsanantonio.com\/wp-content\/uploads\/2026\/03\/CORO-Reverente-\u00a1oh-Unidad-educativa-Te-saludo-con-ferviente-gozo-En-San-Antonio-de-Padua-esbozo-El-blason-de-amor-y-virtud.-I-Son-los-hijos-pujantes-que-hicieron-Brotar-los-manantiales-de-anhel-724x1024.png\" class=\"elementor-animation-pulse-shrink attachment-large size-large wp-image-640\" alt=\"\" srcset=\"https:\/\/www.uefsanantonio.com\/wp-content\/uploads\/2026\/03\/CORO-Reverente-\u00a1oh-Unidad-educativa-Te-saludo-con-ferviente-gozo-En-San-Antonio-de-Padua-esbozo-El-blason-de-amor-y-virtud.-I-Son-los-hijos-pujantes-que-hicieron-Brotar-los-manantiales-de-anhel-724x1024.png 724w, https:\/\/www.uefsanantonio.com\/wp-content\/uploads\/2026\/03\/CORO-Reverente-\u00a1oh-Unidad-educativa-Te-saludo-con-ferviente-gozo-En-San-Antonio-de-Padua-esbozo-El-blason-de-amor-y-virtud.-I-Son-los-hijos-pujantes-que-hicieron-Brotar-los-manantiales-de-anhel-212x300.png 212w, https:\/\/www.uefsanantonio.com\/wp-content\/uploads\/2026\/03\/CORO-Reverente-\u00a1oh-Unidad-educativa-Te-saludo-con-ferviente-gozo-En-San-Antonio-de-Padua-esbozo-El-blason-de-amor-y-virtud.-I-Son-los-hijos-pujantes-que-hicieron-Brotar-los-manantiales-de-anhel-768x1086.png 768w, https:\/\/www.uefsanantonio.com\/wp-content\/uploads\/2026\/03\/CORO-Reverente-\u00a1oh-Unidad-educativa-Te-saludo-con-ferviente-gozo-En-San-Antonio-de-Padua-esbozo-El-blason-de-amor-y-virtud.-I-Son-los-hijos-pujantes-que-hicieron-Brotar-los-manantiales-de-anhel-1086x1536.png 1086w, https:\/\/www.uefsanantonio.com\/wp-content\/uploads\/2026\/03\/CORO-Reverente-\u00a1oh-Unidad-educativa-Te-saludo-con-ferviente-gozo-En-San-Antonio-de-Padua-esbozo-El-blason-de-amor-y-virtud.-I-Son-los-hijos-pujantes-que-hicieron-Brotar-los-manantiales-de-anhel-1448x2048.png 1448w, https:\/\/www.uefsanantonio.com\/wp-content\/uploads\/2026\/03\/CORO-Reverente-\u00a1oh-Unidad-educativa-Te-saludo-con-ferviente-gozo-En-San-Antonio-de-Padua-esbozo-El-blason-de-amor-y-virtud.-I-Son-los-hijos-pujantes-que-hicieron-Brotar-los-manantiales-de-anhel.png 1591w\" sizes=\"(max-width: 724px) 100vw, 724px\" \/>\t\t\t\t\t\t\t\t\t\t\t\t\t\t\t<\/div>\n\t\t\t\t\t<\/div>\n\t\t\t\t<\/div>\n\t\t\t\t<\/div>\n\t\t","protected":false},"excerpt":{"rendered":"<p>Himno Institucional &#x1f4dc; AUTOR: Efr\u00e9n Gustavo Gonz\u00e1lez Ram\u00f3n \u200b<\/p>\n","protected":false},"author":1,"featured_media":0,"parent":0,"menu_order":0,"comment_status":"closed","ping_status":"closed","template":"","meta":{"footnotes":""},"class_list":["post-629","page","type-page","status-publish","hentry"],"_links":{"self":[{"href":"https:\/\/www.uefsanantonio.com\/index.php?rest_route=\/wp\/v2\/pages\/629","targetHints":{"allow":["GET"]}}],"collection":[{"href":"https:\/\/www.uefsanantonio.com\/index.php?rest_route=\/wp\/v2\/pages"}],"about":[{"href":"https:\/\/www.uefsanantonio.com\/index.php?rest_route=\/wp\/v2\/types\/page"}],"author":[{"embeddable":true,"href":"https:\/\/www.uefsanantonio.com\/index.php?rest_route=\/wp\/v2\/users\/1"}],"replies":[{"embeddable":true,"href":"https:\/\/www.uefsanantonio.com\/index.php?rest_route=%2Fwp%2Fv2%2Fcomments&post=629"}],"version-history":[{"count":58,"href":"https:\/\/www.uefsanantonio.com\/index.php?rest_route=\/wp\/v2\/pages\/629\/revisions"}],"predecessor-version":[{"id":2741,"href":"https:\/\/www.uefsanantonio.com\/index.php?rest_route=\/wp\/v2\/pages\/629\/revisions\/2741"}],"wp:attachment":[{"href":"https:\/\/www.uefsanantonio.com\/index.php?rest_route=%2Fwp%2Fv2%2Fmedia&parent=629"}],"curies":[{"name":"wp","href":"https:\/\/api.w.org\/{rel}","templated":true}]}}